{"id":894,"date":"2025-03-16T17:14:42","date_gmt":"2025-03-16T16:14:42","guid":{"rendered":"https:\/\/relabor.hu\/?page_id=894"},"modified":"2025-12-10T14:21:31","modified_gmt":"2025-12-10T13:21:31","slug":"karriere","status":"publish","type":"page","link":"https:\/\/relabor.hu\/de\/karrier\/","title":{"rendered":"Karriere"},"content":{"rendered":"<div data-elementor-type=\"wp-page\" data-elementor-id=\"894\" class=\"elementor elementor-894\" data-elementor-post-type=\"page\">\n\t\t\t\t<div class=\"elementor-element elementor-element-218e1799 e-flex e-con-boxed e-con e-parent\" data-id=\"218e1799\" data-element_type=\"container\" data-e-type=\"container\" data-settings=\"{&quot;jet_parallax_layout_list&quot;:[]}\">\n\t\t\t\t\t<div class=\"e-con-inner\">\n\t\t\t\t<div class=\"elementor-element elementor-element-deb96f3 elementor-headline--style-highlight elementor-widget elementor-widget-animated-headline\" data-id=\"deb96f3\" data-element_type=\"widget\" data-e-type=\"widget\" data-settings=\"{&quot;highlighted_text&quot;:&quot;Karrier&quot;,&quot;marker&quot;:&quot;underline_zigzag&quot;,&quot;headline_style&quot;:&quot;highlight&quot;,&quot;loop&quot;:&quot;yes&quot;,&quot;highlight_animation_duration&quot;:1200,&quot;highlight_iteration_delay&quot;:8000}\" data-widget_type=\"animated-headline.default\">\n\t\t\t\t<div class=\"elementor-widget-container\">\n\t\t\t\t\t\t\t<h3 class=\"elementor-headline\">\n\t\t\t\t<span class=\"elementor-headline-dynamic-wrapper elementor-headline-text-wrapper\">\n\t\t\t\t\t<span class=\"elementor-headline-dynamic-text elementor-headline-text-active\">Karriere<\/span>\n\t\t\t\t<\/span>\n\t\t\t\t<\/h3>\n\t\t\t\t\t\t<\/div>\n\t\t\t\t<\/div>\n\t\t\t\t<div class=\"elementor-element elementor-element-402bc4c4 elementor-grid-2 elementor-posts--align-left elementor-grid-tablet-2 elementor-grid-mobile-1 elementor-posts--thumbnail-top elementor-posts--show-avatar elementor-card-shadow-yes elementor-posts__hover-gradient load-more-align-center elementor-invisible elementor-widget elementor-widget-posts\" data-id=\"402bc4c4\" data-element_type=\"widget\" data-e-type=\"widget\" data-settings=\"{&quot;cards_columns&quot;:&quot;2&quot;,&quot;pagination_type&quot;:&quot;load_more_on_click&quot;,&quot;_animation&quot;:&quot;fadeIn&quot;,&quot;load_more_spinner&quot;:{&quot;value&quot;:&quot;fas fa-circle-notch&quot;,&quot;library&quot;:&quot;fa-solid&quot;},&quot;cards_columns_tablet&quot;:&quot;2&quot;,&quot;cards_columns_mobile&quot;:&quot;1&quot;,&quot;cards_row_gap&quot;:{&quot;unit&quot;:&quot;px&quot;,&quot;size&quot;:35,&quot;sizes&quot;:[]},&quot;cards_row_gap_tablet&quot;:{&quot;unit&quot;:&quot;px&quot;,&quot;size&quot;:&quot;&quot;,&quot;sizes&quot;:[]},&quot;cards_row_gap_mobile&quot;:{&quot;unit&quot;:&quot;px&quot;,&quot;size&quot;:&quot;&quot;,&quot;sizes&quot;:[]}}\" data-widget_type=\"posts.cards\">\n\t\t\t\t<div class=\"elementor-widget-container\">\n\t\t\t\t\t\t\t<div class=\"elementor-posts-container elementor-posts elementor-posts--skin-cards elementor-grid\" role=\"list\">\n\t\t\t\t<article class=\"elementor-post elementor-grid-item post-2719 post type-post status-publish format-standard has-post-thumbnail hentry category-allashirdetesek\" role=\"listitem\">\n\t\t\t<div class=\"elementor-post__card\">\n\t\t\t\t<a class=\"elementor-post__thumbnail__link\" href=\"https:\/\/relabor.hu\/de\/rehabilitacios-kollegat-keresunk-2\/\" tabindex=\"-1\" ><div class=\"elementor-post__thumbnail\"><img fetchpriority=\"high\" decoding=\"async\" width=\"1754\" height=\"1240\" src=\"https:\/\/relabor.hu\/wp-content\/uploads\/2026\/02\/recepcios-nyerges_labatlan-20260210_honlap.jpg\" class=\"attachment-full size-full wp-image-2618\" alt=\"\" srcset=\"https:\/\/relabor.hu\/wp-content\/uploads\/2026\/02\/recepcios-nyerges_labatlan-20260210_honlap.jpg 1754w, https:\/\/relabor.hu\/wp-content\/uploads\/2026\/02\/recepcios-nyerges_labatlan-20260210_honlap-300x212.jpg 300w, https:\/\/relabor.hu\/wp-content\/uploads\/2026\/02\/recepcios-nyerges_labatlan-20260210_honlap-1024x724.jpg 1024w, https:\/\/relabor.hu\/wp-content\/uploads\/2026\/02\/recepcios-nyerges_labatlan-20260210_honlap-768x543.jpg 768w, https:\/\/relabor.hu\/wp-content\/uploads\/2026\/02\/recepcios-nyerges_labatlan-20260210_honlap-1536x1086.jpg 1536w, https:\/\/relabor.hu\/wp-content\/uploads\/2026\/02\/recepcios-nyerges_labatlan-20260210_honlap-18x12.jpg 18w\" sizes=\"(max-width: 1754px) 100vw, 1754px\" \/><\/div><\/a>\n\t\t\t\t<div class=\"elementor-post__badge\">Stellenausschreibungen<\/div>\n\t\t\t\t<div class=\"elementor-post__avatar\">\n\t\t\t<img alt='Csabi' src='https:\/\/secure.gravatar.com\/avatar\/a21860d37979bd9e6570f0eb960c767c1791be58dbb31eb0e3ce971d6a3d65f1?s=128&#038;d=mm&#038;r=g' srcset='https:\/\/secure.gravatar.com\/avatar\/a21860d37979bd9e6570f0eb960c767c1791be58dbb31eb0e3ce971d6a3d65f1?s=256&#038;d=mm&#038;r=g 2x' class='avatar avatar-128 photo' height='128' width='128' \/>\t\t<\/div>\n\t\t\t\t<div class=\"elementor-post__text\">\n\t\t\t\t<h3 class=\"elementor-post__title\">\n\t\t\t<a href=\"https:\/\/relabor.hu\/de\/rehabilitacios-kollegat-keresunk-2\/\" >\n\t\t\t\tWir suchen einen RECEPTIONIST!\t\t\t<\/a>\n\t\t<\/h3>\n\t\t\n\t\t<a class=\"elementor-post__read-more\" href=\"https:\/\/relabor.hu\/de\/rehabilitacios-kollegat-keresunk-2\/\" aria-label=\"Read more about Munkat\u00e1rsat keres\u00fcnk RECEPCI\u00d3S munkak\u00f6rbe!\" tabindex=\"-1\" >\n\t\t\tMehr lesen \"\t\t<\/a>\n\n\t\t\t\t<\/div>\n\t\t\t\t<div class=\"elementor-post__meta-data\">\n\t\t\t\t\t<span class=\"elementor-post-date\">\n\t\t\t2026 Mai 12.\t\t<\/span>\n\t\t\t\t<\/div>\n\t\t\t\t\t<\/div>\n\t\t<\/article>\n\t\t\t\t<article class=\"elementor-post elementor-grid-item post-2713 post type-post status-publish format-standard has-post-thumbnail hentry category-allashirdetesek\" role=\"listitem\">\n\t\t\t<div class=\"elementor-post__card\">\n\t\t\t\t<a class=\"elementor-post__thumbnail__link\" href=\"https:\/\/relabor.hu\/de\/rehabilitacios-kollegat-keresunk\/\" tabindex=\"-1\" ><div class=\"elementor-post__thumbnail\"><img decoding=\"async\" width=\"1754\" height=\"1240\" src=\"https:\/\/relabor.hu\/wp-content\/uploads\/2026\/04\/honlapra-mentor-20260430.jpg\" class=\"attachment-full size-full wp-image-2712\" alt=\"\" srcset=\"https:\/\/relabor.hu\/wp-content\/uploads\/2026\/04\/honlapra-mentor-20260430.jpg 1754w, https:\/\/relabor.hu\/wp-content\/uploads\/2026\/04\/honlapra-mentor-20260430-300x212.jpg 300w, https:\/\/relabor.hu\/wp-content\/uploads\/2026\/04\/honlapra-mentor-20260430-1024x724.jpg 1024w, https:\/\/relabor.hu\/wp-content\/uploads\/2026\/04\/honlapra-mentor-20260430-768x543.jpg 768w, https:\/\/relabor.hu\/wp-content\/uploads\/2026\/04\/honlapra-mentor-20260430-1536x1086.jpg 1536w, https:\/\/relabor.hu\/wp-content\/uploads\/2026\/04\/honlapra-mentor-20260430-18x12.jpg 18w\" sizes=\"(max-width: 1754px) 100vw, 1754px\" \/><\/div><\/a>\n\t\t\t\t<div class=\"elementor-post__badge\">Stellenausschreibungen<\/div>\n\t\t\t\t<div class=\"elementor-post__avatar\">\n\t\t\t<img alt='Csabi' src='https:\/\/secure.gravatar.com\/avatar\/a21860d37979bd9e6570f0eb960c767c1791be58dbb31eb0e3ce971d6a3d65f1?s=128&#038;d=mm&#038;r=g' srcset='https:\/\/secure.gravatar.com\/avatar\/a21860d37979bd9e6570f0eb960c767c1791be58dbb31eb0e3ce971d6a3d65f1?s=256&#038;d=mm&#038;r=g 2x' class='avatar avatar-128 photo' height='128' width='128' \/>\t\t<\/div>\n\t\t\t\t<div class=\"elementor-post__text\">\n\t\t\t\t<h3 class=\"elementor-post__title\">\n\t\t\t<a href=\"https:\/\/relabor.hu\/de\/rehabilitacios-kollegat-keresunk\/\" >\n\t\t\t\tWir suchen einen Rehabilitationsmentor!\t\t\t<\/a>\n\t\t<\/h3>\n\t\t\n\t\t<a class=\"elementor-post__read-more\" href=\"https:\/\/relabor.hu\/de\/rehabilitacios-kollegat-keresunk\/\" aria-label=\"Read more about Rehabilit\u00e1ci\u00f3s mentor koll\u00e9g\u00e1t keres\u00fcnk!\" tabindex=\"-1\" >\n\t\t\tMehr lesen \"\t\t<\/a>\n\n\t\t\t\t<\/div>\n\t\t\t\t<div class=\"elementor-post__meta-data\">\n\t\t\t\t\t<span class=\"elementor-post-date\">\n\t\t\t30. April 2026.\t\t<\/span>\n\t\t\t\t<\/div>\n\t\t\t\t\t<\/div>\n\t\t<\/article>\n\t\t\t\t<article class=\"elementor-post elementor-grid-item post-2669 post type-post status-publish format-standard has-post-thumbnail hentry category-allashirdetesek\" role=\"listitem\">\n\t\t\t<div class=\"elementor-post__card\">\n\t\t\t\t<a class=\"elementor-post__thumbnail__link\" href=\"https:\/\/relabor.hu\/de\/parkfenntarto-munkatarsakat-keresunk-2\/\" tabindex=\"-1\" ><div class=\"elementor-post__thumbnail\"><img decoding=\"async\" width=\"1754\" height=\"1240\" src=\"https:\/\/relabor.hu\/wp-content\/uploads\/2026\/03\/parkfenntarto-20260312.jpg\" class=\"attachment-full size-full wp-image-2675\" alt=\"\" srcset=\"https:\/\/relabor.hu\/wp-content\/uploads\/2026\/03\/parkfenntarto-20260312.jpg 1754w, https:\/\/relabor.hu\/wp-content\/uploads\/2026\/03\/parkfenntarto-20260312-300x212.jpg 300w, https:\/\/relabor.hu\/wp-content\/uploads\/2026\/03\/parkfenntarto-20260312-1024x724.jpg 1024w, https:\/\/relabor.hu\/wp-content\/uploads\/2026\/03\/parkfenntarto-20260312-768x543.jpg 768w, https:\/\/relabor.hu\/wp-content\/uploads\/2026\/03\/parkfenntarto-20260312-1536x1086.jpg 1536w, https:\/\/relabor.hu\/wp-content\/uploads\/2026\/03\/parkfenntarto-20260312-18x12.jpg 18w\" sizes=\"(max-width: 1754px) 100vw, 1754px\" \/><\/div><\/a>\n\t\t\t\t<div class=\"elementor-post__badge\">Stellenausschreibungen<\/div>\n\t\t\t\t<div class=\"elementor-post__avatar\">\n\t\t\t<img alt='Csabi' src='https:\/\/secure.gravatar.com\/avatar\/a21860d37979bd9e6570f0eb960c767c1791be58dbb31eb0e3ce971d6a3d65f1?s=128&#038;d=mm&#038;r=g' srcset='https:\/\/secure.gravatar.com\/avatar\/a21860d37979bd9e6570f0eb960c767c1791be58dbb31eb0e3ce971d6a3d65f1?s=256&#038;d=mm&#038;r=g 2x' class='avatar avatar-128 photo' height='128' width='128' \/>\t\t<\/div>\n\t\t\t\t<div class=\"elementor-post__text\">\n\t\t\t\t<h3 class=\"elementor-post__title\">\n\t\t\t<a href=\"https:\/\/relabor.hu\/de\/parkfenntarto-munkatarsakat-keresunk-2\/\" >\n\t\t\t\tWir suchen Parkpflegepersonal f\u00fcr Tatab\u00e1nya!\t\t\t<\/a>\n\t\t<\/h3>\n\t\t\n\t\t<a class=\"elementor-post__read-more\" href=\"https:\/\/relabor.hu\/de\/parkfenntarto-munkatarsakat-keresunk-2\/\" aria-label=\"Read more about Parkfenntart\u00f3 munkat\u00e1rsakat keres\u00fcnk Tatab\u00e1ny\u00e1ra!\" tabindex=\"-1\" >\n\t\t\tMehr lesen \"\t\t<\/a>\n\n\t\t\t\t<\/div>\n\t\t\t\t<div class=\"elementor-post__meta-data\">\n\t\t\t\t\t<span class=\"elementor-post-date\">\n\t\t\t2026 M\u00e4rz 12.\t\t<\/span>\n\t\t\t\t<\/div>\n\t\t\t\t\t<\/div>\n\t\t<\/article>\n\t\t\t\t<article class=\"elementor-post elementor-grid-item post-2571 post type-post status-publish format-standard has-post-thumbnail hentry category-allashirdetesek\" role=\"listitem\">\n\t\t\t<div class=\"elementor-post__card\">\n\t\t\t\t<a class=\"elementor-post__thumbnail__link\" href=\"https:\/\/relabor.hu\/de\/parkfenntarto-munkatarsakat-keresunk\/\" tabindex=\"-1\" ><div class=\"elementor-post__thumbnail\"><img loading=\"lazy\" decoding=\"async\" width=\"1754\" height=\"1240\" src=\"https:\/\/relabor.hu\/wp-content\/uploads\/2026\/02\/parkfenntarto-2.jpg\" class=\"attachment-full size-full wp-image-2584\" alt=\"\" srcset=\"https:\/\/relabor.hu\/wp-content\/uploads\/2026\/02\/parkfenntarto-2.jpg 1754w, https:\/\/relabor.hu\/wp-content\/uploads\/2026\/02\/parkfenntarto-2-300x212.jpg 300w, https:\/\/relabor.hu\/wp-content\/uploads\/2026\/02\/parkfenntarto-2-1024x724.jpg 1024w, https:\/\/relabor.hu\/wp-content\/uploads\/2026\/02\/parkfenntarto-2-768x543.jpg 768w, https:\/\/relabor.hu\/wp-content\/uploads\/2026\/02\/parkfenntarto-2-1536x1086.jpg 1536w, https:\/\/relabor.hu\/wp-content\/uploads\/2026\/02\/parkfenntarto-2-18x12.jpg 18w\" sizes=\"(max-width: 1754px) 100vw, 1754px\" \/><\/div><\/a>\n\t\t\t\t<div class=\"elementor-post__badge\">Stellenausschreibungen<\/div>\n\t\t\t\t<div class=\"elementor-post__avatar\">\n\t\t\t<img alt='Csabi' src='https:\/\/secure.gravatar.com\/avatar\/a21860d37979bd9e6570f0eb960c767c1791be58dbb31eb0e3ce971d6a3d65f1?s=128&#038;d=mm&#038;r=g' srcset='https:\/\/secure.gravatar.com\/avatar\/a21860d37979bd9e6570f0eb960c767c1791be58dbb31eb0e3ce971d6a3d65f1?s=256&#038;d=mm&#038;r=g 2x' class='avatar avatar-128 photo' height='128' width='128' \/>\t\t<\/div>\n\t\t\t\t<div class=\"elementor-post__text\">\n\t\t\t\t<h3 class=\"elementor-post__title\">\n\t\t\t<a href=\"https:\/\/relabor.hu\/de\/parkfenntarto-munkatarsakat-keresunk\/\" >\n\t\t\t\tWir suchen Mitarbeiter f\u00fcr die Parkpflege in Dorog!\t\t\t<\/a>\n\t\t<\/h3>\n\t\t\n\t\t<a class=\"elementor-post__read-more\" href=\"https:\/\/relabor.hu\/de\/parkfenntarto-munkatarsakat-keresunk\/\" aria-label=\"Read more about Parkfenntart\u00f3 munkat\u00e1rsakat keres\u00fcnk Dorogra!\" tabindex=\"-1\" >\n\t\t\tMehr lesen \"\t\t<\/a>\n\n\t\t\t\t<\/div>\n\t\t\t\t<div class=\"elementor-post__meta-data\">\n\t\t\t\t\t<span class=\"elementor-post-date\">\n\t\t\t2026 Februar 3.\t\t<\/span>\n\t\t\t\t<\/div>\n\t\t\t\t\t<\/div>\n\t\t<\/article>\n\t\t\t\t<\/div>\n\t\t\t\t\t<span class=\"e-load-more-spinner\">\n\t\t\t\t<svg aria-hidden=\"true\" class=\"e-font-icon-svg e-fas-circle-notch\" viewbox=\"0 0 512 512\" xmlns=\"http:\/\/www.w3.org\/2000\/svg\"><path d=\"M288 39.056v16.659c0 10.804 7.281 20.159 17.686 23.066C383.204 100.434 440 171.518 440 256c0 101.689-82.295 184-184 184-101.689 0-184-82.295-184-184 0-84.47 56.786-155.564 134.312-177.219C216.719 75.874 224 66.517 224 55.712V39.064c0-15.709-14.834-27.153-30.046-23.234C86.603 43.482 7.394 141.206 8.003 257.332c.72 137.052 111.477 246.956 248.531 246.667C393.255 503.711 504 392.788 504 256c0-115.633-79.14-212.779-186.211-240.236C302.678 11.889 288 23.456 288 39.056z\"><\/path><\/svg>\t\t\t<\/span>\n\t\t\n\t\t\t\t\t\t<\/div>\n\t\t\t\t<\/div>\n\t\t\t\t\t<\/div>\n\t\t\t\t<\/div>\n\t\t\t\t<\/div>","protected":false},"excerpt":{"rendered":"<p>Karriere<\/p>","protected":false},"author":1,"featured_media":0,"parent":0,"menu_order":60,"comment_status":"closed","ping_status":"closed","template":"","meta":{"footnotes":""},"class_list":["post-894","page","type-page","status-publish","hentry"],"_links":{"self":[{"href":"https:\/\/relabor.hu\/de\/wp-json\/wp\/v2\/pages\/894","targetHints":{"allow":["GET"]}}],"collection":[{"href":"https:\/\/relabor.hu\/de\/wp-json\/wp\/v2\/pages"}],"about":[{"href":"https:\/\/relabor.hu\/de\/wp-json\/wp\/v2\/types\/page"}],"author":[{"embeddable":true,"href":"https:\/\/relabor.hu\/de\/wp-json\/wp\/v2\/users\/1"}],"replies":[{"embeddable":true,"href":"https:\/\/relabor.hu\/de\/wp-json\/wp\/v2\/comments?post=894"}],"version-history":[{"count":29,"href":"https:\/\/relabor.hu\/de\/wp-json\/wp\/v2\/pages\/894\/revisions"}],"predecessor-version":[{"id":2546,"href":"https:\/\/relabor.hu\/de\/wp-json\/wp\/v2\/pages\/894\/revisions\/2546"}],"wp:attachment":[{"href":"https:\/\/relabor.hu\/de\/wp-json\/wp\/v2\/media?parent=894"}],"curies":[{"name":"wp","href":"https:\/\/api.w.org\/{rel}","templated":true}]}}