{"id":647,"date":"2025-03-16T05:26:26","date_gmt":"2025-03-16T04:26:26","guid":{"rendered":"https:\/\/relabor.hu\/?page_id=647"},"modified":"2025-05-21T08:02:20","modified_gmt":"2025-05-21T07:02:20","slug":"faipar","status":"publish","type":"page","link":"https:\/\/relabor.hu\/de\/agazataink\/faipar\/","title":{"rendered":"HOLZINDUSTRIE"},"content":{"rendered":"<div data-elementor-type=\"wp-page\" data-elementor-id=\"647\" class=\"elementor elementor-647\" data-elementor-post-type=\"page\">\n\t\t\t\t<div class=\"elementor-element elementor-element-61622ae5 e-flex e-con-boxed e-con e-parent\" data-id=\"61622ae5\" data-element_type=\"container\" data-e-type=\"container\" data-settings=\"{&quot;jet_parallax_layout_list&quot;:[]}\">\n\t\t\t\t\t<div class=\"e-con-inner\">\n\t\t\t\t<div class=\"elementor-element elementor-element-45fc84a2 elementor-invisible elementor-widget elementor-widget-heading\" data-id=\"45fc84a2\" data-element_type=\"widget\" data-e-type=\"widget\" data-settings=\"{&quot;_animation&quot;:&quot;fadeInDown&quot;}\" data-widget_type=\"heading.default\">\n\t\t\t\t<div class=\"elementor-widget-container\">\n\t\t\t\t\t<h2 class=\"elementor-heading-title elementor-size-default\">HOLZINDUSTRIE<\/h2>\t\t\t\t<\/div>\n\t\t\t\t<\/div>\n\t\t\t\t\t<\/div>\n\t\t\t\t<\/div>\n\t\t<div class=\"elementor-element elementor-element-67084c36 e-flex e-con-boxed e-con e-parent\" data-id=\"67084c36\" data-element_type=\"container\" data-e-type=\"container\" data-settings=\"{&quot;jet_parallax_layout_list&quot;:[]}\">\n\t\t\t\t\t<div class=\"e-con-inner\">\n\t\t<div class=\"elementor-element elementor-element-394e9583 e-con-full e-flex elementor-invisible e-con e-child\" data-id=\"394e9583\" data-element_type=\"container\" data-e-type=\"container\" data-settings=\"{&quot;jet_parallax_layout_list&quot;:[],&quot;animation&quot;:&quot;fadeInLeft&quot;}\">\n\t\t\t\t<div class=\"elementor-element elementor-element-2588e972 elementor-widget elementor-widget-shortcode\" data-id=\"2588e972\" data-element_type=\"widget\" data-e-type=\"widget\" data-widget_type=\"shortcode.default\">\n\t\t\t\t<div class=\"elementor-widget-container\">\n\t\t\t\t\t\t\t<div class=\"elementor-shortcode\"><iframe frameborder=\"0\" height=\"350px\" src=\"https:\/\/www.google.com\/maps\/d\/embed?mid=1lgFOtkbtgjS_XBGXhYHq7OV9fiWHcfw&ehbc=2E312F&z=15\" \"style=\"border:0\"><\/iframe><\/div>\n\t\t\t\t\t\t<\/div>\n\t\t\t\t<\/div>\n\t\t\t\t<\/div>\n\t\t<div class=\"elementor-element elementor-element-635fbafc e-con-full e-flex elementor-invisible e-con e-child\" data-id=\"635fbafc\" data-element_type=\"container\" data-e-type=\"container\" data-settings=\"{&quot;jet_parallax_layout_list&quot;:[],&quot;animation&quot;:&quot;fadeInRight&quot;}\">\n\t\t\t\t<div class=\"elementor-element elementor-element-77ed8e3c elementor-widget elementor-widget-heading\" data-id=\"77ed8e3c\" data-element_type=\"widget\" data-e-type=\"widget\" data-widget_type=\"heading.default\">\n\t\t\t\t<div class=\"elementor-widget-container\">\n\t\t\t\t\t<h3 class=\"elementor-heading-title elementor-size-default\">Alles aus Holz, mit Fachwissen\n<\/h3>\t\t\t\t<\/div>\n\t\t\t\t<\/div>\n\t\t<div class=\"elementor-element elementor-element-1f66468 e-grid e-con-full e-con e-child\" data-id=\"1f66468\" data-element_type=\"container\" data-e-type=\"container\" data-settings=\"{&quot;jet_parallax_layout_list&quot;:[]}\">\n\t\t\t\t<div class=\"elementor-element elementor-element-06025b7 elementor-align-start elementor-widget__width-auto elementor-icon-list--layout-traditional elementor-list-item-link-full_width elementor-widget elementor-widget-icon-list\" data-id=\"06025b7\" data-element_type=\"widget\" data-e-type=\"widget\" data-widget_type=\"icon-list.default\">\n\t\t\t\t<div class=\"elementor-widget-container\">\n\t\t\t\t\t\t\t<ul class=\"elementor-icon-list-items\">\n\t\t\t\t\t\t\t<li class=\"elementor-icon-list-item\">\n\t\t\t\t\t\t\t\t\t\t\t<a href=\"https:\/\/www.google.com\/maps\/place\/Relabor+Kft.\/@47.9650098,22.5408318,2283m\/data=!3m1!1e3!4m6!3m5!1s0x47386eff8ceed225:0x4fe4abb5e021db3d!8m2!3d47.9703276!4d22.5321594!16s%2Fg%2F1tf3y44x?entry=ttu&#038;g_ep=EgoyMDI1MDUxMy4xIKXMDSoASAFQAw%3D%3D\">\n\n\t\t\t\t\t\t\t\t\t\t\t\t<span class=\"elementor-icon-list-icon\">\n\t\t\t\t\t\t\t<svg aria-hidden=\"true\" class=\"e-font-icon-svg e-fas-home\" viewbox=\"0 0 576 512\" xmlns=\"http:\/\/www.w3.org\/2000\/svg\"><path d=\"M280.37 148.26L96 300.11V464a16 16 0 0 0 16 16l112.06-.29a16 16 0 0 0 15.92-16V368a16 16 0 0 1 16-16h64a16 16 0 0 1 16 16v95.64a16 16 0 0 0 16 16.05L464 480a16 16 0 0 0 16-16V300L295.67 148.26a12.19 12.19 0 0 0-15.3 0zM571.6 251.47L488 182.56V44.05a12 12 0 0 0-12-12h-56a12 12 0 0 0-12 12v72.61L318.47 43a48 48 0 0 0-61 0L4.34 251.47a12 12 0 0 0-1.6 16.9l25.5 31A12 12 0 0 0 45.15 301l235.22-193.74a12.19 12.19 0 0 1 15.3 0L530.9 301a12 12 0 0 0 16.9-1.6l25.5-31a12 12 0 0 0-1.7-16.93z\"><\/path><\/svg>\t\t\t\t\t\t<\/span>\n\t\t\t\t\t\t\t\t\t\t<span class=\"elementor-icon-list-text\">FEH\u00c9RGYARMAT<\/span>\n\t\t\t\t\t\t\t\t\t\t\t<\/a>\n\t\t\t\t\t\t\t\t\t<\/li>\n\t\t\t\t\t\t\t\t<li class=\"elementor-icon-list-item\">\n\t\t\t\t\t\t\t\t\t\t\t<span class=\"elementor-icon-list-icon\">\n\t\t\t\t\t\t\t<svg xmlns=\"http:\/\/www.w3.org\/2000\/svg\" width=\"98.667\" height=\"72\" viewbox=\"0 0 74 54\"><path d=\"M58.45 1.3c-.3.7-.4 2.35-.25 3.7.2 1.7-.4 2.75-2.2 3.65-2.55 1.3-5.9 17.55-4 19.65.4.45 1-1.5 1.3-4.25.65-5.6 1.4-7.35 2.7-6.55.45.3.45 2-.05 3.75-1.3 4.45-1.15 11.95.4 19.95.9 4.65 1 7.05.3 7.75-1.65 1.65-3.75 1.2-3.45-.7.2-1.15-.25-1.65-1.4-1.45-2 .3-3.4-6.75-2.35-11.65.45-2 0-4.6-1.3-7.8-1.1-2.7-2.25-6.6-2.55-8.75-.3-2.15-1.4-4.85-2.5-6-1.25-1.4-1.75-2.95-1.45-4.65.6-2.95-1.75-5.5-4.15-4.6-1.8.7-1.95 3.8-.25 5.5.7.7 1.25 3.15 1.3 5.5 0 2.85.75 5.2 2.2 7.1 1.5 1.85 2.05 3.55 1.65 5.15-.4 1.55.1 3.2 1.45 4.95 1.15 1.45 2.35 4.3 2.7 6.3.3 2 .8 4.7 1.05 6 .8 3.9-1.4 1.5-4.75-5.15-1.7-3.4-5.3-8.6-8-11.55-2.65-2.9-4.85-5.7-4.85-6.2s-1.6-1.6-3.55-2.4c-2-.85-3.3-1.95-3-2.5.8-1.25-3.2-5.3-4.75-4.8-2.35.8-1.9 4.55.75 6.3 1.4.9 2.55 2.55 2.55 3.6 0 1.1 1.85 3.2 4.5 5.05 2.45 1.75 4.75 4 5.05 5 .35 1 1.4 2.25 2.45 2.8 2.55 1.35 11.4 11.9 10.65 12.7-.35.35-2.9-1.3-5.7-3.65-2.8-2.35-7.35-5.1-10.1-6.1-2.8-1-6.2-2.6-7.55-3.5-1.45-.95-3.6-1.45-5.15-1.15-1.8.35-3.45-.25-5.45-1.9-2.25-1.9-3.25-2.2-4.8-1.35C3.35 30.45 5.1 34 8.35 34c1.25 0 3.3 1.05 4.55 2.4 1.45 1.55 3.75 2.5 6.7 2.85 2.45.3 5.3 1.25 6.25 2.15 1 .85 2.85 1.6 4.1 1.6 1.25 0 4.4 1.1 7 2.4 2.65 1.3 6.2 2.7 7.9 3.05 1.75.4 3.15 1.1 3.15 1.65 0 1.4-5.3 1.05-10.1-.7-5.15-1.9-23.35-2.75-26.15-1.25-1.3.7-2.3.65-3.3-.2C6.7 46.5 2 47.55 2 49.4c0 2.7 2.85 4.05 5.5 2.6 2-1.05 2.7-1.05 4 0 1.05.85 2.85 1.05 5.75.55 2.35-.35 5.15-.6 6.25-.5 1.1.1 3.25.15 4.75.1 1.5-.1 4-.1 5.5-.1C60.2 52.2 59 52.7 59 41.45c0-5.55.35-8.35 1-7.95.6.35.95 3.85.85 7.9-.2 8.15.3 9.6 3.45 9.55 1.9 0 2-.15.65-1.25-1.8-1.4-2.15-30.95-.4-31.5.5-.15 1.1.55 1.25 1.5.45 2.75 5.7 8.65 7.2 8.15.95-.35.55-1.2-1.3-2.9C68.6 22 67 18.1 67 13.45c0-2.2-.5-3.45-1.3-3.45-3.1 0-5-2.55-3.65-4.75 1.1-1.7 1.1-2.35 0-3.65-1.55-1.95-2.95-2.05-3.6-.3z\"><\/path><\/svg>\t\t\t\t\t\t<\/span>\n\t\t\t\t\t\t\t\t\t\t<span class=\"elementor-icon-list-text\">\u00c1rp\u00e1d T\u00f3th<\/span>\n\t\t\t\t\t\t\t\t\t<\/li>\n\t\t\t\t\t\t\t\t<li class=\"elementor-icon-list-item\">\n\t\t\t\t\t\t\t\t\t\t\t<span class=\"elementor-icon-list-icon\">\n\t\t\t\t\t\t\t<svg aria-hidden=\"true\" class=\"e-font-icon-svg e-fas-mobile-alt\" viewbox=\"0 0 320 512\" xmlns=\"http:\/\/www.w3.org\/2000\/svg\"><path d=\"M272 0H48C21.5 0 0 21.5 0 48v416c0 26.5 21.5 48 48 48h224c26.5 0 48-21.5 48-48V48c0-26.5-21.5-48-48-48zM160 480c-17.7 0-32-14.3-32-32s14.3-32 32-32 32 14.3 32 32-14.3 32-32 32zm112-108c0 6.6-5.4 12-12 12H60c-6.6 0-12-5.4-12-12V60c0-6.6 5.4-12 12-12h200c6.6 0 12 5.4 12 12v312z\"><\/path><\/svg>\t\t\t\t\t\t<\/span>\n\t\t\t\t\t\t\t\t\t\t<span class=\"elementor-icon-list-text\">+36 30 384 5703<\/span>\n\t\t\t\t\t\t\t\t\t<\/li>\n\t\t\t\t\t\t\t\t<li class=\"elementor-icon-list-item\">\n\t\t\t\t\t\t\t\t\t\t\t<a href=\"mailto:arpadtoth@relabor.hu\">\n\n\t\t\t\t\t\t\t\t\t\t\t\t<span class=\"elementor-icon-list-icon\">\n\t\t\t\t\t\t\t<svg aria-hidden=\"true\" class=\"e-font-icon-svg e-fas-at\" viewbox=\"0 0 512 512\" xmlns=\"http:\/\/www.w3.org\/2000\/svg\"><path d=\"M256 8C118.941 8 8 118.919 8 256c0 137.059 110.919 248 248 248 48.154 0 95.342-14.14 135.408-40.223 12.005-7.815 14.625-24.288 5.552-35.372l-10.177-12.433c-7.671-9.371-21.179-11.667-31.373-5.129C325.92 429.757 291.314 440 256 440c-101.458 0-184-82.542-184-184S154.542 72 256 72c100.139 0 184 57.619 184 160 0 38.786-21.093 79.742-58.17 83.693-17.349-.454-16.91-12.857-13.476-30.024l23.433-121.11C394.653 149.75 383.308 136 368.225 136h-44.981a13.518 13.518 0 0 0-13.432 11.993l-.01.092c-14.697-17.901-40.448-21.775-59.971-21.775-74.58 0-137.831 62.234-137.831 151.46 0 65.303 36.785 105.87 96 105.87 26.984 0 57.369-15.637 74.991-38.333 9.522 34.104 40.613 34.103 70.71 34.103C462.609 379.41 504 307.798 504 232 504 95.653 394.023 8 256 8zm-21.68 304.43c-22.249 0-36.07-15.623-36.07-40.771 0-44.993 30.779-72.729 58.63-72.729 22.292 0 35.601 15.241 35.601 40.77 0 45.061-33.875 72.73-58.161 72.73z\"><\/path><\/svg>\t\t\t\t\t\t<\/span>\n\t\t\t\t\t\t\t\t\t\t<span class=\"elementor-icon-list-text\">arpadtoth@relabor.hu<\/span>\n\t\t\t\t\t\t\t\t\t\t\t<\/a>\n\t\t\t\t\t\t\t\t\t<\/li>\n\t\t\t\t\t\t<\/ul>\n\t\t\t\t\t\t<\/div>\n\t\t\t\t<\/div>\n\t\t\t\t<\/div>\n\t\t\t\t<\/div>\n\t\t\t\t\t<\/div>\n\t\t\t\t<\/div>\n\t\t<div class=\"elementor-element elementor-element-2d561664 e-flex e-con-boxed elementor-invisible e-con e-parent\" data-id=\"2d561664\" data-element_type=\"container\" data-e-type=\"container\" data-settings=\"{&quot;jet_parallax_layout_list&quot;:[],&quot;animation&quot;:&quot;zoomIn&quot;}\">\n\t\t\t\t\t<div class=\"e-con-inner\">\n\t\t\t\t<div class=\"elementor-element elementor-element-3fd9a445 elementor-widget elementor-widget-text-editor\" data-id=\"3fd9a445\" data-element_type=\"widget\" data-e-type=\"widget\" data-widget_type=\"text-editor.default\">\n\t\t\t\t<div class=\"elementor-widget-container\">\n\t\t\t\t\t\t\t\t\t<p style=\"text-align: justify;\">RELABOR Ltd. setzt auf Qualit\u00e4t, Pr\u00e4zision und Kundenzufriedenheit. Unsere Erfahrung in der holzverarbeitenden Industrie und kontinuierliche technologische Verbesserungen gew\u00e4hrleisten, dass unsere Partner die besten Qualit\u00e4tsprodukte und Dienstleistungen erhalten.<\/p>\n<p style=\"text-align: justify;\">Die holzverarbeitende Industrie ist ein komplexer Prozess, der die Verarbeitung, das Trocknen, den Zuschnitt, die Formgebung, die Endbearbeitung und die Montage von Holzprodukten umfasst.<\/p>\n<p style=\"text-align: justify;\">Ein moderner Maschinenpark und die neuesten Technologien erm\u00f6glichen es uns, pr\u00e4zise und qualitativ hochwertige Holzprodukte herzustellen.<\/p>\t\t\t\t\t\t\t\t<\/div>\n\t\t\t\t<\/div>\n\t\t\t\t<div class=\"elementor-element elementor-element-8523c5f elementor-widget elementor-widget-text-editor\" data-id=\"8523c5f\" data-element_type=\"widget\" data-e-type=\"widget\" data-widget_type=\"text-editor.default\">\n\t\t\t\t<div class=\"elementor-widget-container\">\n\t\t\t\t\t\t\t\t\t<h4><p style=\"text-align: justify;\">Vom Nat\u00fcrlichen zum N\u00fctzlichen - Holzbearbeitungsdienstleistungen der RELABOR GmbH:<\/h4>\t\t\t\t\t\t\t\t<\/div>\n\t\t\t\t<\/div>\n\t\t\t\t<div class=\"elementor-element elementor-element-7f7eb435 elementor-widget elementor-widget-text-editor\" data-id=\"7f7eb435\" data-element_type=\"widget\" data-e-type=\"widget\" data-widget_type=\"text-editor.default\">\n\t\t\t\t<div class=\"elementor-widget-container\">\n\t\t\t\t\t\t\t\t\t<ul><li>Kompletter Holzbearbeitungsservice (Holzbearbeitung)<\/li><li>Aufl\u00f6sung in L\u00e4nge und Breite<\/li><li>Herstellung von Holzm\u00f6beln (Produktion von Bettgestellen)<\/li><li>Produktion von Bienenst\u00f6cken<\/li><li>Trocknung von Holzrohstoffen (2 Trockenkammern von 30 m3)<\/li><\/ul>\t\t\t\t\t\t\t\t<\/div>\n\t\t\t\t<\/div>\n\t\t\t\t<div class=\"elementor-element elementor-element-de83120 elementor-widget elementor-widget-text-editor\" data-id=\"de83120\" data-element_type=\"widget\" data-e-type=\"widget\" data-widget_type=\"text-editor.default\">\n\t\t\t\t<div class=\"elementor-widget-container\">\n\t\t\t\t\t\t\t\t\t<h3><strong><p style=\"text-align: justify;\">\u00dcberlassen Sie es uns, wir machen den Job richtig! Kontaktieren Sie uns mit Vertrauen!<\/strong><\/h3>\t\t\t\t\t\t\t\t<\/div>\n\t\t\t\t<\/div>\n\t\t\t\t\t<\/div>\n\t\t\t\t<\/div>\n\t\t<div class=\"elementor-element elementor-element-7a499134 e-flex e-con-boxed e-con e-parent\" data-id=\"7a499134\" data-element_type=\"container\" data-e-type=\"container\" data-settings=\"{&quot;jet_parallax_layout_list&quot;:[],&quot;background_background&quot;:&quot;gradient&quot;,&quot;shape_divider_top&quot;:&quot;opacity-tilt&quot;}\">\n\t\t\t\t\t<div class=\"e-con-inner\">\n\t\t\t\t<div class=\"elementor-shape elementor-shape-top\" aria-hidden=\"true\" data-negative=\"false\">\n\t\t\t<svg xmlns=\"http:\/\/www.w3.org\/2000\/svg\" viewbox=\"0 0 2600 131.1\" preserveaspectratio=\"none\">\n\t<path class=\"elementor-shape-fill\" d=\"M0 0L2600 0 2600 69.1 0 0z\"\/>\n\t<path class=\"elementor-shape-fill\" style=\"opacity:0.5\" d=\"M0 0L2600 0 2600 69.1 0 69.1z\"\/>\n\t<path class=\"elementor-shape-fill\" style=\"opacity:0.25\" d=\"M2600 0L0 0 0 130.1 2600 69.1z\"\/>\n<\/svg>\t\t<\/div>\n\t\t\t\t<div class=\"elementor-element elementor-element-dd58b65 elementor-headline--style-highlight elementor-widget elementor-widget-global elementor-global-1421 elementor-widget-animated-headline\" data-id=\"dd58b65\" data-element_type=\"widget\" data-e-type=\"widget\" data-settings=\"{&quot;highlighted_text&quot;:&quot;GAL\\u00c9RIA&quot;,&quot;marker&quot;:&quot;curly&quot;,&quot;headline_style&quot;:&quot;highlight&quot;,&quot;loop&quot;:&quot;yes&quot;,&quot;highlight_animation_duration&quot;:1200,&quot;highlight_iteration_delay&quot;:8000}\" data-widget_type=\"animated-headline.default\">\n\t\t\t\t<div class=\"elementor-widget-container\">\n\t\t\t\t\t\t\t<h3 class=\"elementor-headline\">\n\t\t\t\t\t<span class=\"elementor-headline-plain-text elementor-headline-text-wrapper\">FOTO<\/span>\n\t\t\t\t<span class=\"elementor-headline-dynamic-wrapper elementor-headline-text-wrapper\">\n\t\t\t\t\t<span class=\"elementor-headline-dynamic-text elementor-headline-text-active\">GALERIE<\/span>\n\t\t\t\t<\/span>\n\t\t\t\t<\/h3>\n\t\t\t\t\t\t<\/div>\n\t\t\t\t<\/div>\n\t\t\t\t<div class=\"elementor-element elementor-element-665a5313 elementor-pagination-position-outside elementor-invisible elementor-widget elementor-widget-image-carousel\" data-id=\"665a5313\" data-element_type=\"widget\" data-e-type=\"widget\" data-settings=\"{&quot;slides_to_show&quot;:&quot;3&quot;,&quot;slides_to_show_mobile&quot;:&quot;1&quot;,&quot;slides_to_scroll&quot;:&quot;1&quot;,&quot;navigation&quot;:&quot;dots&quot;,&quot;lazyload&quot;:&quot;yes&quot;,&quot;speed&quot;:1500,&quot;image_spacing_custom&quot;:{&quot;unit&quot;:&quot;px&quot;,&quot;size&quot;:0,&quot;sizes&quot;:[]},&quot;_animation&quot;:&quot;zoomInDown&quot;,&quot;autoplay&quot;:&quot;yes&quot;,&quot;pause_on_hover&quot;:&quot;yes&quot;,&quot;autoplay_speed&quot;:5000,&quot;infinite&quot;:&quot;yes&quot;,&quot;image_spacing_custom_tablet&quot;:{&quot;unit&quot;:&quot;px&quot;,&quot;size&quot;:&quot;&quot;,&quot;sizes&quot;:[]}}\" data-widget_type=\"image-carousel.default\">\n\t\t\t\t<div class=\"elementor-widget-container\">\n\t\t\t\t\t\t\t<div class=\"elementor-image-carousel-wrapper swiper\" role=\"region\" aria-roledescription=\"carousel\" aria-label=\"Bild-Karussell\" dir=\"ltr\">\n\t\t\t<div class=\"elementor-image-carousel swiper-wrapper\" aria-live=\"off\">\n\t\t\t\t\t\t\t\t<div class=\"swiper-slide\" role=\"group\" aria-roledescription=\"slide\" aria-label=\"1 \/ 6\"><a data-elementor-open-lightbox=\"yes\" data-elementor-lightbox-slideshow=\"665a5313\" data-e-action-hash=\"#elementor-action%3Aaction%3Dlightbox%26settings%3DeyJpZCI6ODAwLCJ1cmwiOiJodHRwczpcL1wvcmVsYWJvci5odVwvd3AtY29udGVudFwvdXBsb2Fkc1wvMjAyNVwvMDNcLzEuanBnIiwic2xpZGVzaG93IjoiNjY1YTUzMTMifQ%3D%3D\" href=\"https:\/\/relabor.hu\/wp-content\/uploads\/2025\/03\/1.jpg\"><figure class=\"swiper-slide-inner\"><img class=\"swiper-slide-image swiper-lazy\" data-src=\"https:\/\/relabor.hu\/wp-content\/uploads\/2025\/03\/1.jpg\" alt=\"1\" \/><div class=\"swiper-lazy-preloader\"><\/div><\/figure><\/a><\/div><div class=\"swiper-slide\" role=\"group\" aria-roledescription=\"slide\" aria-label=\"2 \/ 6\"><a data-elementor-open-lightbox=\"yes\" data-elementor-lightbox-slideshow=\"665a5313\" data-e-action-hash=\"#elementor-action%3Aaction%3Dlightbox%26settings%3DeyJpZCI6ODA3LCJ1cmwiOiJodHRwczpcL1wvcmVsYWJvci5odVwvd3AtY29udGVudFwvdXBsb2Fkc1wvMjAyNVwvMDNcL2ZhaXBhcjAyLmpwZyIsInNsaWRlc2hvdyI6IjY2NWE1MzEzIn0%3D\" href=\"https:\/\/relabor.hu\/wp-content\/uploads\/2025\/03\/faipar02.jpg\"><figure class=\"swiper-slide-inner\"><img class=\"swiper-slide-image swiper-lazy\" data-src=\"https:\/\/relabor.hu\/wp-content\/uploads\/2025\/03\/faipar02.jpg\" alt=\"faipar02\" \/><div class=\"swiper-lazy-preloader\"><\/div><\/figure><\/a><\/div><div class=\"swiper-slide\" role=\"group\" aria-roledescription=\"slide\" aria-label=\"3 \/ 6\"><a data-elementor-open-lightbox=\"yes\" data-elementor-lightbox-slideshow=\"665a5313\" data-e-action-hash=\"#elementor-action%3Aaction%3Dlightbox%26settings%3DeyJpZCI6ODA4LCJ1cmwiOiJodHRwczpcL1wvcmVsYWJvci5odVwvd3AtY29udGVudFwvdXBsb2Fkc1wvMjAyNVwvMDNcL2ZhaXBhcjAzLmpwZyIsInNsaWRlc2hvdyI6IjY2NWE1MzEzIn0%3D\" href=\"https:\/\/relabor.hu\/wp-content\/uploads\/2025\/03\/faipar03.jpg\"><figure class=\"swiper-slide-inner\"><img class=\"swiper-slide-image swiper-lazy\" data-src=\"https:\/\/relabor.hu\/wp-content\/uploads\/2025\/03\/faipar03.jpg\" alt=\"faipar03\" \/><div class=\"swiper-lazy-preloader\"><\/div><\/figure><\/a><\/div><div class=\"swiper-slide\" role=\"group\" aria-roledescription=\"slide\" aria-label=\"4 \/ 6\"><a data-elementor-open-lightbox=\"yes\" data-elementor-lightbox-slideshow=\"665a5313\" data-e-action-hash=\"#elementor-action%3Aaction%3Dlightbox%26settings%3DeyJpZCI6ODA5LCJ1cmwiOiJodHRwczpcL1wvcmVsYWJvci5odVwvd3AtY29udGVudFwvdXBsb2Fkc1wvMjAyNVwvMDNcL2ZhaXBhcjA0LmpwZyIsInNsaWRlc2hvdyI6IjY2NWE1MzEzIn0%3D\" href=\"https:\/\/relabor.hu\/wp-content\/uploads\/2025\/03\/faipar04.jpg\"><figure class=\"swiper-slide-inner\"><img class=\"swiper-slide-image swiper-lazy\" data-src=\"https:\/\/relabor.hu\/wp-content\/uploads\/2025\/03\/faipar04.jpg\" alt=\"faipar04\" \/><div class=\"swiper-lazy-preloader\"><\/div><\/figure><\/a><\/div><div class=\"swiper-slide\" role=\"group\" aria-roledescription=\"slide\" aria-label=\"5 \/ 6\"><a data-elementor-open-lightbox=\"yes\" data-elementor-lightbox-slideshow=\"665a5313\" data-e-action-hash=\"#elementor-action%3Aaction%3Dlightbox%26settings%3DeyJpZCI6ODEwLCJ1cmwiOiJodHRwczpcL1wvcmVsYWJvci5odVwvd3AtY29udGVudFwvdXBsb2Fkc1wvMjAyNVwvMDNcL2ZhaXBhcjA1LmpwZyIsInNsaWRlc2hvdyI6IjY2NWE1MzEzIn0%3D\" href=\"https:\/\/relabor.hu\/wp-content\/uploads\/2025\/03\/faipar05.jpg\"><figure class=\"swiper-slide-inner\"><img class=\"swiper-slide-image swiper-lazy\" data-src=\"https:\/\/relabor.hu\/wp-content\/uploads\/2025\/03\/faipar05.jpg\" alt=\"faipar05\" \/><div class=\"swiper-lazy-preloader\"><\/div><\/figure><\/a><\/div><div class=\"swiper-slide\" role=\"group\" aria-roledescription=\"slide\" aria-label=\"6 \/ 6\"><a data-elementor-open-lightbox=\"yes\" data-elementor-lightbox-slideshow=\"665a5313\" data-e-action-hash=\"#elementor-action%3Aaction%3Dlightbox%26settings%3DeyJpZCI6ODExLCJ1cmwiOiJodHRwczpcL1wvcmVsYWJvci5odVwvd3AtY29udGVudFwvdXBsb2Fkc1wvMjAyNVwvMDNcL2ZhaXBhcjA2LmpwZyIsInNsaWRlc2hvdyI6IjY2NWE1MzEzIn0%3D\" href=\"https:\/\/relabor.hu\/wp-content\/uploads\/2025\/03\/faipar06.jpg\"><figure class=\"swiper-slide-inner\"><img class=\"swiper-slide-image swiper-lazy\" data-src=\"https:\/\/relabor.hu\/wp-content\/uploads\/2025\/03\/faipar06.jpg\" alt=\"faipar06\" \/><div class=\"swiper-lazy-preloader\"><\/div><\/figure><\/a><\/div>\t\t\t<\/div>\n\t\t\t\t\t\t\t\n\t\t\t\t\t\t\t\t\t<div class=\"swiper-pagination\"><\/div>\n\t\t\t\t\t\t\t\t\t<\/div>\n\t\t\t\t\t\t<\/div>\n\t\t\t\t<\/div>\n\t\t\t\t\t<\/div>\n\t\t\t\t<\/div>\n\t\t\t\t<\/div>","protected":false},"excerpt":{"rendered":"<p>HOLZINDUSTRIE<\/p>","protected":false},"author":1,"featured_media":0,"parent":639,"menu_order":34,"comment_status":"closed","ping_status":"closed","template":"","meta":{"footnotes":""},"class_list":["post-647","page","type-page","status-publish","hentry"],"_links":{"self":[{"href":"https:\/\/relabor.hu\/de\/wp-json\/wp\/v2\/pages\/647","targetHints":{"allow":["GET"]}}],"collection":[{"href":"https:\/\/relabor.hu\/de\/wp-json\/wp\/v2\/pages"}],"about":[{"href":"https:\/\/relabor.hu\/de\/wp-json\/wp\/v2\/types\/page"}],"author":[{"embeddable":true,"href":"https:\/\/relabor.hu\/de\/wp-json\/wp\/v2\/users\/1"}],"replies":[{"embeddable":true,"href":"https:\/\/relabor.hu\/de\/wp-json\/wp\/v2\/comments?post=647"}],"version-history":[{"count":49,"href":"https:\/\/relabor.hu\/de\/wp-json\/wp\/v2\/pages\/647\/revisions"}],"predecessor-version":[{"id":2134,"href":"https:\/\/relabor.hu\/de\/wp-json\/wp\/v2\/pages\/647\/revisions\/2134"}],"up":[{"embeddable":true,"href":"https:\/\/relabor.hu\/de\/wp-json\/wp\/v2\/pages\/639"}],"wp:attachment":[{"href":"https:\/\/relabor.hu\/de\/wp-json\/wp\/v2\/media?parent=647"}],"curies":[{"name":"wp","href":"https:\/\/api.w.org\/{rel}","templated":true}]}}