{"id":643,"date":"2025-03-16T05:25:58","date_gmt":"2025-03-16T04:25:58","guid":{"rendered":"https:\/\/relabor.hu\/?page_id=643"},"modified":"2025-05-21T10:17:05","modified_gmt":"2025-05-21T09:17:05","slug":"boxenmull","status":"publish","type":"page","link":"https:\/\/relabor.hu\/de\/agazataink\/dobozgyartas\/","title":{"rendered":"Verpackung"},"content":{"rendered":"<div data-elementor-type=\"wp-page\" data-elementor-id=\"643\" class=\"elementor elementor-643\" data-elementor-post-type=\"page\">\n\t\t\t\t<div class=\"elementor-element elementor-element-25396cb3 e-flex e-con-boxed e-con e-parent\" data-id=\"25396cb3\" data-element_type=\"container\" data-e-type=\"container\" data-settings=\"{&quot;jet_parallax_layout_list&quot;:[]}\">\n\t\t\t\t\t<div class=\"e-con-inner\">\n\t\t\t\t<div class=\"elementor-element elementor-element-113d8ea8 elementor-invisible elementor-widget elementor-widget-heading\" data-id=\"113d8ea8\" data-element_type=\"widget\" data-e-type=\"widget\" data-settings=\"{&quot;_animation&quot;:&quot;fadeInDown&quot;}\" data-widget_type=\"heading.default\">\n\t\t\t\t<div class=\"elementor-widget-container\">\n\t\t\t\t\t<h2 class=\"elementor-heading-title elementor-size-default\">VERPACKUNG<\/h2>\t\t\t\t<\/div>\n\t\t\t\t<\/div>\n\t\t\t\t\t<\/div>\n\t\t\t\t<\/div>\n\t\t<div class=\"elementor-element elementor-element-7523e612 e-flex e-con-boxed e-con e-parent\" data-id=\"7523e612\" data-element_type=\"container\" data-e-type=\"container\" data-settings=\"{&quot;jet_parallax_layout_list&quot;:[]}\">\n\t\t\t\t\t<div class=\"e-con-inner\">\n\t\t<div class=\"elementor-element elementor-element-3cba71e0 e-con-full e-flex elementor-invisible e-con e-child\" data-id=\"3cba71e0\" data-element_type=\"container\" data-e-type=\"container\" data-settings=\"{&quot;jet_parallax_layout_list&quot;:[],&quot;animation&quot;:&quot;fadeInLeft&quot;}\">\n\t\t\t\t<div class=\"elementor-element elementor-element-479bdbea elementor-widget elementor-widget-shortcode\" data-id=\"479bdbea\" data-element_type=\"widget\" data-e-type=\"widget\" data-widget_type=\"shortcode.default\">\n\t\t\t\t<div class=\"elementor-widget-container\">\n\t\t\t\t\t\t\t<div class=\"elementor-shortcode\"><iframe frameborder=\"0\" height=\"350px\" src=\"https:\/\/www.google.com\/maps\/d\/embed?mid=11gyPpQNbPkz8toXwaG-ERnfd4y7bju4&ehbc=2E312F\" \"style=\"border:0\"><\/iframe><\/div>\n\t\t\t\t\t\t<\/div>\n\t\t\t\t<\/div>\n\t\t\t\t<\/div>\n\t\t<div class=\"elementor-element elementor-element-4b8486bc e-con-full e-flex elementor-invisible e-con e-child\" data-id=\"4b8486bc\" data-element_type=\"container\" data-e-type=\"container\" data-settings=\"{&quot;jet_parallax_layout_list&quot;:[],&quot;animation&quot;:&quot;fadeInRight&quot;}\">\n\t\t\t\t<div class=\"elementor-element elementor-element-11fc35d5 elementor-widget elementor-widget-heading\" data-id=\"11fc35d5\" data-element_type=\"widget\" data-e-type=\"widget\" data-widget_type=\"heading.default\">\n\t\t\t\t<div class=\"elementor-widget-container\">\n\t\t\t\t\t<h3 class=\"elementor-heading-title elementor-size-default\">Herstellung und Vertrieb von Verpackungsmaterialien und -systemen<\/h3>\t\t\t\t<\/div>\n\t\t\t\t<\/div>\n\t\t<div class=\"elementor-element elementor-element-d2fbca9 e-grid e-con-full e-con e-child\" data-id=\"d2fbca9\" data-element_type=\"container\" data-e-type=\"container\" data-settings=\"{&quot;jet_parallax_layout_list&quot;:[]}\">\n\t\t\t\t<div class=\"elementor-element elementor-element-1527555 elementor-align-start elementor-widget__width-auto elementor-icon-list--layout-traditional elementor-list-item-link-full_width elementor-widget elementor-widget-icon-list\" data-id=\"1527555\" data-element_type=\"widget\" data-e-type=\"widget\" data-widget_type=\"icon-list.default\">\n\t\t\t\t<div class=\"elementor-widget-container\">\n\t\t\t\t\t\t\t<ul class=\"elementor-icon-list-items\">\n\t\t\t\t\t\t\t<li class=\"elementor-icon-list-item\">\n\t\t\t\t\t\t\t\t\t\t\t<a href=\"https:\/\/www.google.com\/maps?cid=6287559124223689742\">\n\n\t\t\t\t\t\t\t\t\t\t\t\t<span class=\"elementor-icon-list-icon\">\n\t\t\t\t\t\t\t<svg aria-hidden=\"true\" class=\"e-font-icon-svg e-fas-home\" viewbox=\"0 0 576 512\" xmlns=\"http:\/\/www.w3.org\/2000\/svg\"><path d=\"M280.37 148.26L96 300.11V464a16 16 0 0 0 16 16l112.06-.29a16 16 0 0 0 15.92-16V368a16 16 0 0 1 16-16h64a16 16 0 0 1 16 16v95.64a16 16 0 0 0 16 16.05L464 480a16 16 0 0 0 16-16V300L295.67 148.26a12.19 12.19 0 0 0-15.3 0zM571.6 251.47L488 182.56V44.05a12 12 0 0 0-12-12h-56a12 12 0 0 0-12 12v72.61L318.47 43a48 48 0 0 0-61 0L4.34 251.47a12 12 0 0 0-1.6 16.9l25.5 31A12 12 0 0 0 45.15 301l235.22-193.74a12.19 12.19 0 0 1 15.3 0L530.9 301a12 12 0 0 0 16.9-1.6l25.5-31a12 12 0 0 0-1.7-16.93z\"><\/path><\/svg>\t\t\t\t\t\t<\/span>\n\t\t\t\t\t\t\t\t\t\t<span class=\"elementor-icon-list-text\">TATAB\u00c1NYA<\/span>\n\t\t\t\t\t\t\t\t\t\t\t<\/a>\n\t\t\t\t\t\t\t\t\t<\/li>\n\t\t\t\t\t\t\t\t<li class=\"elementor-icon-list-item\">\n\t\t\t\t\t\t\t\t\t\t\t<span class=\"elementor-icon-list-icon\">\n\t\t\t\t\t\t\t<svg xmlns=\"http:\/\/www.w3.org\/2000\/svg\" width=\"98.667\" height=\"72\" viewbox=\"0 0 74 54\"><path d=\"M58.45 1.3c-.3.7-.4 2.35-.25 3.7.2 1.7-.4 2.75-2.2 3.65-2.55 1.3-5.9 17.55-4 19.65.4.45 1-1.5 1.3-4.25.65-5.6 1.4-7.35 2.7-6.55.45.3.45 2-.05 3.75-1.3 4.45-1.15 11.95.4 19.95.9 4.65 1 7.05.3 7.75-1.65 1.65-3.75 1.2-3.45-.7.2-1.15-.25-1.65-1.4-1.45-2 .3-3.4-6.75-2.35-11.65.45-2 0-4.6-1.3-7.8-1.1-2.7-2.25-6.6-2.55-8.75-.3-2.15-1.4-4.85-2.5-6-1.25-1.4-1.75-2.95-1.45-4.65.6-2.95-1.75-5.5-4.15-4.6-1.8.7-1.95 3.8-.25 5.5.7.7 1.25 3.15 1.3 5.5 0 2.85.75 5.2 2.2 7.1 1.5 1.85 2.05 3.55 1.65 5.15-.4 1.55.1 3.2 1.45 4.95 1.15 1.45 2.35 4.3 2.7 6.3.3 2 .8 4.7 1.05 6 .8 3.9-1.4 1.5-4.75-5.15-1.7-3.4-5.3-8.6-8-11.55-2.65-2.9-4.85-5.7-4.85-6.2s-1.6-1.6-3.55-2.4c-2-.85-3.3-1.95-3-2.5.8-1.25-3.2-5.3-4.75-4.8-2.35.8-1.9 4.55.75 6.3 1.4.9 2.55 2.55 2.55 3.6 0 1.1 1.85 3.2 4.5 5.05 2.45 1.75 4.75 4 5.05 5 .35 1 1.4 2.25 2.45 2.8 2.55 1.35 11.4 11.9 10.65 12.7-.35.35-2.9-1.3-5.7-3.65-2.8-2.35-7.35-5.1-10.1-6.1-2.8-1-6.2-2.6-7.55-3.5-1.45-.95-3.6-1.45-5.15-1.15-1.8.35-3.45-.25-5.45-1.9-2.25-1.9-3.25-2.2-4.8-1.35C3.35 30.45 5.1 34 8.35 34c1.25 0 3.3 1.05 4.55 2.4 1.45 1.55 3.75 2.5 6.7 2.85 2.45.3 5.3 1.25 6.25 2.15 1 .85 2.85 1.6 4.1 1.6 1.25 0 4.4 1.1 7 2.4 2.65 1.3 6.2 2.7 7.9 3.05 1.75.4 3.15 1.1 3.15 1.65 0 1.4-5.3 1.05-10.1-.7-5.15-1.9-23.35-2.75-26.15-1.25-1.3.7-2.3.65-3.3-.2C6.7 46.5 2 47.55 2 49.4c0 2.7 2.85 4.05 5.5 2.6 2-1.05 2.7-1.05 4 0 1.05.85 2.85 1.05 5.75.55 2.35-.35 5.15-.6 6.25-.5 1.1.1 3.25.15 4.75.1 1.5-.1 4-.1 5.5-.1C60.2 52.2 59 52.7 59 41.45c0-5.55.35-8.35 1-7.95.6.35.95 3.85.85 7.9-.2 8.15.3 9.6 3.45 9.55 1.9 0 2-.15.65-1.25-1.8-1.4-2.15-30.95-.4-31.5.5-.15 1.1.55 1.25 1.5.45 2.75 5.7 8.65 7.2 8.15.95-.35.55-1.2-1.3-2.9C68.6 22 67 18.1 67 13.45c0-2.2-.5-3.45-1.3-3.45-3.1 0-5-2.55-3.65-4.75 1.1-1.7 1.1-2.35 0-3.65-1.55-1.95-2.95-2.05-3.6-.3z\"><\/path><\/svg>\t\t\t\t\t\t<\/span>\n\t\t\t\t\t\t\t\t\t\t<span class=\"elementor-icon-list-text\">P\u00e9ter Hauszknecht<\/span>\n\t\t\t\t\t\t\t\t\t<\/li>\n\t\t\t\t\t\t\t\t<li class=\"elementor-icon-list-item\">\n\t\t\t\t\t\t\t\t\t\t\t<span class=\"elementor-icon-list-icon\">\n\t\t\t\t\t\t\t<svg aria-hidden=\"true\" class=\"e-font-icon-svg e-fas-mobile-alt\" viewbox=\"0 0 320 512\" xmlns=\"http:\/\/www.w3.org\/2000\/svg\"><path d=\"M272 0H48C21.5 0 0 21.5 0 48v416c0 26.5 21.5 48 48 48h224c26.5 0 48-21.5 48-48V48c0-26.5-21.5-48-48-48zM160 480c-17.7 0-32-14.3-32-32s14.3-32 32-32 32 14.3 32 32-14.3 32-32 32zm112-108c0 6.6-5.4 12-12 12H60c-6.6 0-12-5.4-12-12V60c0-6.6 5.4-12 12-12h200c6.6 0 12 5.4 12 12v312z\"><\/path><\/svg>\t\t\t\t\t\t<\/span>\n\t\t\t\t\t\t\t\t\t\t<span class=\"elementor-icon-list-text\">+36 30 171 6745<\/span>\n\t\t\t\t\t\t\t\t\t<\/li>\n\t\t\t\t\t\t\t\t<li class=\"elementor-icon-list-item\">\n\t\t\t\t\t\t\t\t\t\t\t<a href=\"mailto:hauszknechtpeter@relabor.hu\">\n\n\t\t\t\t\t\t\t\t\t\t\t\t<span class=\"elementor-icon-list-icon\">\n\t\t\t\t\t\t\t<svg aria-hidden=\"true\" class=\"e-font-icon-svg e-fas-at\" viewbox=\"0 0 512 512\" xmlns=\"http:\/\/www.w3.org\/2000\/svg\"><path d=\"M256 8C118.941 8 8 118.919 8 256c0 137.059 110.919 248 248 248 48.154 0 95.342-14.14 135.408-40.223 12.005-7.815 14.625-24.288 5.552-35.372l-10.177-12.433c-7.671-9.371-21.179-11.667-31.373-5.129C325.92 429.757 291.314 440 256 440c-101.458 0-184-82.542-184-184S154.542 72 256 72c100.139 0 184 57.619 184 160 0 38.786-21.093 79.742-58.17 83.693-17.349-.454-16.91-12.857-13.476-30.024l23.433-121.11C394.653 149.75 383.308 136 368.225 136h-44.981a13.518 13.518 0 0 0-13.432 11.993l-.01.092c-14.697-17.901-40.448-21.775-59.971-21.775-74.58 0-137.831 62.234-137.831 151.46 0 65.303 36.785 105.87 96 105.87 26.984 0 57.369-15.637 74.991-38.333 9.522 34.104 40.613 34.103 70.71 34.103C462.609 379.41 504 307.798 504 232 504 95.653 394.023 8 256 8zm-21.68 304.43c-22.249 0-36.07-15.623-36.07-40.771 0-44.993 30.779-72.729 58.63-72.729 22.292 0 35.601 15.241 35.601 40.77 0 45.061-33.875 72.73-58.161 72.73z\"><\/path><\/svg>\t\t\t\t\t\t<\/span>\n\t\t\t\t\t\t\t\t\t\t<span class=\"elementor-icon-list-text\">hauszknechtpeter@relabor.hu<\/span>\n\t\t\t\t\t\t\t\t\t\t\t<\/a>\n\t\t\t\t\t\t\t\t\t<\/li>\n\t\t\t\t\t\t<\/ul>\n\t\t\t\t\t\t<\/div>\n\t\t\t\t<\/div>\n\t\t\t\t<\/div>\n\t\t\t\t<\/div>\n\t\t\t\t\t<\/div>\n\t\t\t\t<\/div>\n\t\t<div class=\"elementor-element elementor-element-69886ca0 e-flex e-con-boxed elementor-invisible e-con e-parent\" data-id=\"69886ca0\" data-element_type=\"container\" data-e-type=\"container\" data-settings=\"{&quot;jet_parallax_layout_list&quot;:[],&quot;animation&quot;:&quot;zoomIn&quot;}\">\n\t\t\t\t\t<div class=\"e-con-inner\">\n\t\t\t\t<div class=\"elementor-element elementor-element-465664ec elementor-widget elementor-widget-text-editor\" data-id=\"465664ec\" data-element_type=\"widget\" data-e-type=\"widget\" data-widget_type=\"text-editor.default\">\n\t\t\t\t<div class=\"elementor-widget-container\">\n\t\t\t\t\t\t\t\t\t<p style=\"text-align: justify;\"><strong>F\u00fcr alle Unternehmen ist es wichtig, dass ihre Produkte die Kunden unversehrt erreichen. Ein Schl\u00fcssel dazu ist die richtige Verpackung. Neben dem Schutz der Produkte geht es bei der Verpackung auch darum, den richtigen ersten Eindruck eines Produktes zu vermitteln. Hier bietet RELABOR professionelle Hilfe an.<\/strong><\/p>\t\t\t\t\t\t\t\t<\/div>\n\t\t\t\t<\/div>\n\t\t\t\t<div class=\"elementor-element elementor-element-5682239d elementor-widget elementor-widget-text-editor\" data-id=\"5682239d\" data-element_type=\"widget\" data-e-type=\"widget\" data-widget_type=\"text-editor.default\">\n\t\t\t\t<div class=\"elementor-widget-container\">\n\t\t\t\t\t\t\t\t\t<p style=\"text-align: justify;\"><span style=\"color: #086ce7;\"><strong>Breite Palette von Dienstleistungen<\/strong><\/span> - Wir k\u00f6nnen aus mehr als 400 bestehenden Schachtelformaten w\u00e4hlen und auf Anfrage auch Sonderformate herstellen. Mit unserer breiten Produktpalette k\u00f6nnen wir jede Form und Gr\u00f6\u00dfe von gestanzten Schachteln herstellen, in 3 und 5 Lagen, verschiedenen St\u00e4rken und St\u00e4rken \/\"BC\", \"BE\", \"C\", \"B\", \"E\" Wellpappe\/ in jeder Gr\u00f6\u00dfe. Es ist uns wichtig, unseren Partnern in m\u00f6glichst vielen Bereichen helfen zu k\u00f6nnen, daher k\u00f6nnen wir unseren Partnern auch verschiedene PE- und Originalit\u00e4tss\u00e4cke, zugeschnittene Palettenkantenschoner und gezogene Trays anbieten.<\/p><p style=\"text-align: justify;\"><span style=\"color: #086ce7;\"><strong>Umweltbewusstsein<\/strong><\/span> - Wir achten besonders auf die Umwelt und verwenden umweltfreundliche Technologien. Durch die Verwendung von Klebstoffen auf Wasserbasis k\u00f6nnen unsere Produkte auch in der Lebensmittelindustrie eingesetzt werden.<\/p><p style=\"text-align: justify;\"><span style=\"color: #086ce7;\"><strong>Individuelle Gestaltung<\/strong><\/span> - Der richtige Look wird durch unsere Mehrfarben-Screening-, FLEXO- und MASTER FLEX-Druckdienste unterst\u00fctzt.<\/p><p style=\"text-align: justify;\"><span style=\"color: #086ce7;\"><strong>Partnerzentrum<\/strong><\/span> - Wir beliefern unsere Partner in der Regel mit TFL, selbstschlie\u00dfenden Boxen und Gro\u00dfbeh\u00e4ltern. Die meisten unserer Partner arbeiten in LEAN-Systemen, so dass wir ihnen h\u00e4ufige Lieferungen, sogar mehrmals pro Woche, erm\u00f6glicht haben.<\/p><p style=\"text-align: justify;\">Unser Unternehmen erbringt seine Dienstleistungen umweltbewusst, kosteneffizient und preiswert und ber\u00fccksichtigt dabei technologische Innovationen und Entwicklungen.<\/p><p style=\"text-align: justify;\">Unsere Mitarbeiter arbeiten in einheitlicher, sauber gestalteter Uniform, die je nach Bedarf an das Image des Kunden angepasst wird.<\/p>\t\t\t\t\t\t\t\t<\/div>\n\t\t\t\t<\/div>\n\t\t\t\t<div class=\"elementor-element elementor-element-8def301 elementor-widget elementor-widget-text-editor\" data-id=\"8def301\" data-element_type=\"widget\" data-e-type=\"widget\" data-widget_type=\"text-editor.default\">\n\t\t\t\t<div class=\"elementor-widget-container\">\n\t\t\t\t\t\t\t\t\t<div class=\"elementor-element elementor-element-cc05b21 elementor-widget elementor-widget-text-editor\" data-id=\"cc05b21\" data-element_type=\"widget\" data-widget_type=\"text-editor.default\">\n<div class=\"elementor-widget-container\">\n<h3><strong><p style=\"text-align: justify;\">\u00dcberlassen Sie es uns, wir machen den Job richtig! Kontaktieren Sie uns mit Vertrauen!<\/strong><\/h3>\n<\/div>\n<\/div>\t\t\t\t\t\t\t\t<\/div>\n\t\t\t\t<\/div>\n\t\t\t\t\t<\/div>\n\t\t\t\t<\/div>\n\t\t<div class=\"elementor-element elementor-element-8b4e35a e-flex e-con-boxed e-con e-parent\" data-id=\"8b4e35a\" data-element_type=\"container\" data-e-type=\"container\" data-settings=\"{&quot;jet_parallax_layout_list&quot;:[],&quot;background_background&quot;:&quot;gradient&quot;,&quot;shape_divider_top&quot;:&quot;opacity-tilt&quot;}\">\n\t\t\t\t\t<div class=\"e-con-inner\">\n\t\t\t\t<div class=\"elementor-shape elementor-shape-top\" aria-hidden=\"true\" data-negative=\"false\">\n\t\t\t<svg xmlns=\"http:\/\/www.w3.org\/2000\/svg\" viewbox=\"0 0 2600 131.1\" preserveaspectratio=\"none\">\n\t<path class=\"elementor-shape-fill\" d=\"M0 0L2600 0 2600 69.1 0 0z\"\/>\n\t<path class=\"elementor-shape-fill\" style=\"opacity:0.5\" d=\"M0 0L2600 0 2600 69.1 0 69.1z\"\/>\n\t<path class=\"elementor-shape-fill\" style=\"opacity:0.25\" d=\"M2600 0L0 0 0 130.1 2600 69.1z\"\/>\n<\/svg>\t\t<\/div>\n\t\t\t\t<div class=\"elementor-element elementor-element-02d7975 elementor-headline--style-highlight elementor-widget elementor-widget-global elementor-global-1421 elementor-widget-animated-headline\" data-id=\"02d7975\" data-element_type=\"widget\" data-e-type=\"widget\" data-settings=\"{&quot;highlighted_text&quot;:&quot;GAL\\u00c9RIA&quot;,&quot;marker&quot;:&quot;curly&quot;,&quot;headline_style&quot;:&quot;highlight&quot;,&quot;loop&quot;:&quot;yes&quot;,&quot;highlight_animation_duration&quot;:1200,&quot;highlight_iteration_delay&quot;:8000}\" data-widget_type=\"animated-headline.default\">\n\t\t\t\t<div class=\"elementor-widget-container\">\n\t\t\t\t\t\t\t<h3 class=\"elementor-headline\">\n\t\t\t\t\t<span class=\"elementor-headline-plain-text elementor-headline-text-wrapper\">FOTO<\/span>\n\t\t\t\t<span class=\"elementor-headline-dynamic-wrapper elementor-headline-text-wrapper\">\n\t\t\t\t\t<span class=\"elementor-headline-dynamic-text elementor-headline-text-active\">GALERIE<\/span>\n\t\t\t\t<\/span>\n\t\t\t\t<\/h3>\n\t\t\t\t\t\t<\/div>\n\t\t\t\t<\/div>\n\t\t\t\t<div class=\"elementor-element elementor-element-5989460b elementor-pagination-position-outside elementor-invisible elementor-widget elementor-widget-image-carousel\" data-id=\"5989460b\" data-element_type=\"widget\" data-e-type=\"widget\" data-settings=\"{&quot;slides_to_show&quot;:&quot;3&quot;,&quot;slides_to_show_mobile&quot;:&quot;1&quot;,&quot;slides_to_scroll&quot;:&quot;1&quot;,&quot;navigation&quot;:&quot;dots&quot;,&quot;lazyload&quot;:&quot;yes&quot;,&quot;speed&quot;:1500,&quot;image_spacing_custom&quot;:{&quot;unit&quot;:&quot;px&quot;,&quot;size&quot;:0,&quot;sizes&quot;:[]},&quot;_animation&quot;:&quot;zoomInDown&quot;,&quot;autoplay&quot;:&quot;yes&quot;,&quot;pause_on_hover&quot;:&quot;yes&quot;,&quot;autoplay_speed&quot;:5000,&quot;infinite&quot;:&quot;yes&quot;,&quot;image_spacing_custom_tablet&quot;:{&quot;unit&quot;:&quot;px&quot;,&quot;size&quot;:&quot;&quot;,&quot;sizes&quot;:[]}}\" data-widget_type=\"image-carousel.default\">\n\t\t\t\t<div class=\"elementor-widget-container\">\n\t\t\t\t\t\t\t<div class=\"elementor-image-carousel-wrapper swiper\" role=\"region\" aria-roledescription=\"carousel\" aria-label=\"Bild-Karussell\" dir=\"ltr\">\n\t\t\t<div class=\"elementor-image-carousel swiper-wrapper\" aria-live=\"off\">\n\t\t\t\t\t\t\t\t<div class=\"swiper-slide\" role=\"group\" aria-roledescription=\"slide\" aria-label=\"1 \/ 4\"><a data-elementor-open-lightbox=\"yes\" data-elementor-lightbox-slideshow=\"5989460b\" data-e-action-hash=\"#elementor-action%3Aaction%3Dlightbox%26settings%3DeyJpZCI6NzM0LCJ1cmwiOiJodHRwczpcL1wvcmVsYWJvci5odVwvd3AtY29udGVudFwvdXBsb2Fkc1wvMjAyNVwvMDNcL2RvYm96Z3lhcnRhczAxLmpwZyIsInNsaWRlc2hvdyI6IjU5ODk0NjBiIn0%3D\" href=\"https:\/\/relabor.hu\/wp-content\/uploads\/2025\/03\/dobozgyartas01.jpg\"><figure class=\"swiper-slide-inner\"><img class=\"swiper-slide-image swiper-lazy\" data-src=\"https:\/\/relabor.hu\/wp-content\/uploads\/2025\/03\/dobozgyartas01.jpg\" alt=\"box-keeper01\" \/><div class=\"swiper-lazy-preloader\"><\/div><\/figure><\/a><\/div><div class=\"swiper-slide\" role=\"group\" aria-roledescription=\"slide\" aria-label=\"2 \/ 4\"><a data-elementor-open-lightbox=\"yes\" data-elementor-lightbox-slideshow=\"5989460b\" data-e-action-hash=\"#elementor-action%3Aaction%3Dlightbox%26settings%3DeyJpZCI6NzM1LCJ1cmwiOiJodHRwczpcL1wvcmVsYWJvci5odVwvd3AtY29udGVudFwvdXBsb2Fkc1wvMjAyNVwvMDNcL2RvYm96Z3lhcnRhczAyLmpwZyIsInNsaWRlc2hvdyI6IjU5ODk0NjBiIn0%3D\" href=\"https:\/\/relabor.hu\/wp-content\/uploads\/2025\/03\/dobozgyartas02.jpg\"><figure class=\"swiper-slide-inner\"><img class=\"swiper-slide-image swiper-lazy\" data-src=\"https:\/\/relabor.hu\/wp-content\/uploads\/2025\/03\/dobozgyartas02.jpg\" alt=\"box-keeper02\" \/><div class=\"swiper-lazy-preloader\"><\/div><\/figure><\/a><\/div><div class=\"swiper-slide\" role=\"group\" aria-roledescription=\"slide\" aria-label=\"3 \/ 4\"><a data-elementor-open-lightbox=\"yes\" data-elementor-lightbox-slideshow=\"5989460b\" data-e-action-hash=\"#elementor-action%3Aaction%3Dlightbox%26settings%3DeyJpZCI6NzM2LCJ1cmwiOiJodHRwczpcL1wvcmVsYWJvci5odVwvd3AtY29udGVudFwvdXBsb2Fkc1wvMjAyNVwvMDNcL2RvYm96Z3lhcnRhczAzLmpwZyIsInNsaWRlc2hvdyI6IjU5ODk0NjBiIn0%3D\" href=\"https:\/\/relabor.hu\/wp-content\/uploads\/2025\/03\/dobozgyartas03.jpg\"><figure class=\"swiper-slide-inner\"><img class=\"swiper-slide-image swiper-lazy\" data-src=\"https:\/\/relabor.hu\/wp-content\/uploads\/2025\/03\/dobozgyartas03.jpg\" alt=\"boxgyartas03\" \/><div class=\"swiper-lazy-preloader\"><\/div><\/figure><\/a><\/div><div class=\"swiper-slide\" role=\"group\" aria-roledescription=\"slide\" aria-label=\"4 \/ 4\"><a data-elementor-open-lightbox=\"yes\" data-elementor-lightbox-slideshow=\"5989460b\" data-e-action-hash=\"#elementor-action%3Aaction%3Dlightbox%26settings%3DeyJpZCI6NzM3LCJ1cmwiOiJodHRwczpcL1wvcmVsYWJvci5odVwvd3AtY29udGVudFwvdXBsb2Fkc1wvMjAyNVwvMDNcL2RvYm96Z3lhcnRhczA0LmpwZyIsInNsaWRlc2hvdyI6IjU5ODk0NjBiIn0%3D\" href=\"https:\/\/relabor.hu\/wp-content\/uploads\/2025\/03\/dobozgyartas04.jpg\"><figure class=\"swiper-slide-inner\"><img class=\"swiper-slide-image swiper-lazy\" data-src=\"https:\/\/relabor.hu\/wp-content\/uploads\/2025\/03\/dobozgyartas04.jpg\" alt=\"boxgyartas04\" \/><div class=\"swiper-lazy-preloader\"><\/div><\/figure><\/a><\/div>\t\t\t<\/div>\n\t\t\t\t\t\t\t\n\t\t\t\t\t\t\t\t\t<div class=\"swiper-pagination\"><\/div>\n\t\t\t\t\t\t\t\t\t<\/div>\n\t\t\t\t\t\t<\/div>\n\t\t\t\t<\/div>\n\t\t\t\t\t<\/div>\n\t\t\t\t<\/div>\n\t\t\t\t<\/div>","protected":false},"excerpt":{"rendered":"<p>VERPACKUNG<\/p>","protected":false},"author":1,"featured_media":0,"parent":639,"menu_order":32,"comment_status":"closed","ping_status":"closed","template":"","meta":{"footnotes":""},"class_list":["post-643","page","type-page","status-publish","hentry"],"_links":{"self":[{"href":"https:\/\/relabor.hu\/de\/wp-json\/wp\/v2\/pages\/643","targetHints":{"allow":["GET"]}}],"collection":[{"href":"https:\/\/relabor.hu\/de\/wp-json\/wp\/v2\/pages"}],"about":[{"href":"https:\/\/relabor.hu\/de\/wp-json\/wp\/v2\/types\/page"}],"author":[{"embeddable":true,"href":"https:\/\/relabor.hu\/de\/wp-json\/wp\/v2\/users\/1"}],"replies":[{"embeddable":true,"href":"https:\/\/relabor.hu\/de\/wp-json\/wp\/v2\/comments?post=643"}],"version-history":[{"count":77,"href":"https:\/\/relabor.hu\/de\/wp-json\/wp\/v2\/pages\/643\/revisions"}],"predecessor-version":[{"id":2163,"href":"https:\/\/relabor.hu\/de\/wp-json\/wp\/v2\/pages\/643\/revisions\/2163"}],"up":[{"embeddable":true,"href":"https:\/\/relabor.hu\/de\/wp-json\/wp\/v2\/pages\/639"}],"wp:attachment":[{"href":"https:\/\/relabor.hu\/de\/wp-json\/wp\/v2\/media?parent=643"}],"curies":[{"name":"wp","href":"https:\/\/api.w.org\/{rel}","templated":true}]}}