{"id":520,"date":"2025-03-16T01:04:09","date_gmt":"2025-03-16T00:04:09","guid":{"rendered":"https:\/\/relabor.hu\/?page_id=520"},"modified":"2026-03-31T13:03:42","modified_gmt":"2026-03-31T12:03:42","slug":"minipolitik","status":"publish","type":"page","link":"https:\/\/relabor.hu\/de\/bemutatkozunk\/minosegpolitika\/","title":{"rendered":"Qualit\u00e4tspolitik"},"content":{"rendered":"<div data-elementor-type=\"wp-page\" data-elementor-id=\"520\" class=\"elementor elementor-520\" data-elementor-post-type=\"page\">\n\t\t\t\t<div class=\"elementor-element elementor-element-57e1963d e-flex e-con-boxed e-con e-parent\" data-id=\"57e1963d\" data-element_type=\"container\" data-e-type=\"container\" data-settings=\"{&quot;jet_parallax_layout_list&quot;:[]}\">\n\t\t\t\t\t<div class=\"e-con-inner\">\n\t\t\t\t<div class=\"elementor-element elementor-element-3169b61e elementor-invisible elementor-widget elementor-widget-heading\" data-id=\"3169b61e\" data-element_type=\"widget\" data-e-type=\"widget\" data-settings=\"{&quot;_animation&quot;:&quot;fadeInDown&quot;}\" data-widget_type=\"heading.default\">\n\t\t\t\t<div class=\"elementor-widget-container\">\n\t\t\t\t\t<h2 class=\"elementor-heading-title elementor-size-default\">QUALIT\u00c4TSPOLITIK<\/h2>\t\t\t\t<\/div>\n\t\t\t\t<\/div>\n\t\t\t\t\t<\/div>\n\t\t\t\t<\/div>\n\t\t<div class=\"elementor-element elementor-element-78472aa5 e-flex e-con-boxed e-con e-parent\" data-id=\"78472aa5\" data-element_type=\"container\" data-e-type=\"container\" data-settings=\"{&quot;jet_parallax_layout_list&quot;:[]}\">\n\t\t\t\t\t<div class=\"e-con-inner\">\n\t\t<div class=\"elementor-element elementor-element-39f8bf4 e-con-full e-flex elementor-invisible e-con e-child\" data-id=\"39f8bf4\" data-element_type=\"container\" data-e-type=\"container\" data-settings=\"{&quot;jet_parallax_layout_list&quot;:[],&quot;animation&quot;:&quot;fadeInRight&quot;}\">\n\t\t\t\t<div class=\"elementor-element elementor-element-541e911a elementor-widget elementor-widget-text-editor\" data-id=\"541e911a\" data-element_type=\"widget\" data-e-type=\"widget\" data-widget_type=\"text-editor.default\">\n\t\t\t\t<div class=\"elementor-widget-container\">\n\t\t\t\t\t\t\t\t\t<p style=\"text-align: justify;\">A <strong>Qualit\u00e4tspolitik <\/strong>legt die allgemeinen Absichten und Grunds\u00e4tze einer Organisation in Bezug auf Qualit\u00e4t fest und bildet die Grundlage f\u00fcr die Anwendung des Qualit\u00e4tsmanagementsystems und die Verpflichtung zu kontinuierlicher Verbesserung. Dieses Dokument spiegelt die Verpflichtung der Gesch\u00e4ftsleitung zur Kundenzufriedenheit, zur kontinuierlichen Verbesserung der Qualit\u00e4t von Produkten und Dienstleistungen und zur Einhaltung geltender gesetzlicher und anderer Anforderungen wider.<\/p><p style=\"text-align: justify;\">F\u00fcr moderne Organisationen ist die Entwicklung und konsequente Anwendung einer Qualit\u00e4tspolitik unerl\u00e4sslich, um wettbewerbsf\u00e4hig und nachhaltig zu bleiben. Als Beweis daf\u00fcr <strong>bereits 1999<\/strong> das Qualit\u00e4tsmanagementsystem nach MSZ EN ISO 9002:1996 erfolgreich eingef\u00fchrt und auditiert. Im Sinne einer kontinuierlichen Verbesserung und Anpassung an neue Normen haben wir unser System \u00fcberarbeitet und sind derzeit dabei <strong>MSZ EN ISO 9001:2015<\/strong> und <strong>MSZ EN ISO 14001:2015 <\/strong>wir arbeiten entsprechend den Anforderungen des Systems.<\/p><p style=\"text-align: justify;\">Das Hauptziel der Einf\u00fchrung unseres Qualit\u00e4tsmanagementsystems besteht darin, unseren Kunden Folgendes zu bieten<strong> Hochwertige Dienstleistungen und Produkte<\/strong> um die Grundlage f\u00fcr die <strong>langfristige Gesch\u00e4ftsbeziehungen<\/strong>. Zu diesem Zweck achten wir besonders darauf, Fehler und potenzielle Fehler zu minimieren oder zu beseitigen. Dar\u00fcber hinaus ist es f\u00fcr uns von strategischer Bedeutung, dass <strong>kontinuierliche Aus- und Weiterbildung unseres Fachpersonals<\/strong>die Gew\u00e4hrleistung eines hohen Niveaus an Fachwissen und Kompetenz.<\/p><p style=\"text-align: justify;\">Von <strong>ISO 9001:2015<\/strong> legt die Anforderungen an Qualit\u00e4tsmanagementsysteme fest. Der Schwerpunkt liegt auf dem Verst\u00e4ndnis und der Erf\u00fcllung von Kundenbed\u00fcrfnissen, effizientem Prozessmanagement, risiko- und chancenorientiertem Denken und kontinuierlicher Verbesserung. Die Anwendung der Norm hilft Organisationen, durchg\u00e4ngig qualitativ hochwertige Produkte und Dienstleistungen zu liefern, die Kundenzufriedenheit zu erh\u00f6hen und die betriebliche Effizienz zu verbessern.<\/p><p style=\"text-align: justify;\">Von <strong>ISO 14001:2015<\/strong> enth\u00e4lt Anforderungen an Umweltmanagementsysteme. Sie soll Organisationen helfen, ihre Umweltleistung zu verbessern, Umweltverschmutzung zu vermeiden, rechtliche Verpflichtungen zu erf\u00fcllen und eine nachhaltige Entwicklung zu f\u00f6rdern. Die Anwendung der Norm erm\u00f6glicht die Ermittlung und das Management von Umweltauswirkungen, die effizientere Nutzung nat\u00fcrlicher Ressourcen und die Sch\u00e4rfung des Umweltbewusstseins in der Organisation.<\/p><p style=\"text-align: justify;\">Im Rahmen eines integrierten Ansatzes umfasst unsere Qualit\u00e4tspolitik die Grunds\u00e4tze beider Normen und unterstreicht unser Engagement f\u00fcr Qualit\u00e4t, Umweltverantwortung und Nachhaltigkeit. Auf diese Weise konzentriert sich die Organisation nicht nur auf die Qualit\u00e4t ihrer Produkte und Dienstleistungen, sondern tr\u00e4gt auch aktiv zum Schutz der Umwelt und zur Schaffung einer lebenswerten Welt f\u00fcr k\u00fcnftige Generationen bei. <\/p>\t\t\t\t\t\t\t\t<\/div>\n\t\t\t\t<\/div>\n\t\t<div class=\"elementor-element elementor-element-019e190 e-con-full e-flex e-con e-child\" data-id=\"019e190\" data-element_type=\"container\" data-e-type=\"container\" data-settings=\"{&quot;jet_parallax_layout_list&quot;:[]}\">\n\t\t\t\t<div class=\"elementor-element elementor-element-c86fd10 elementor-widget elementor-widget-text-editor\" data-id=\"c86fd10\" data-element_type=\"widget\" data-e-type=\"widget\" data-widget_type=\"text-editor.default\">\n\t\t\t\t<div class=\"elementor-widget-container\">\n\t\t\t\t\t\t\t\t\t<p style=\"text-align: center;\"><strong>Die Qualit\u00e4tspolitik ist daher nicht nur ein Dokument, sondern ein grundlegender Bestandteil der Kultur und der Arbeitsweise der Organisation, der alle ihre T\u00e4tigkeiten durchdringt.<\/strong><\/p>\t\t\t\t\t\t\t\t<\/div>\n\t\t\t\t<\/div>\n\t\t\t\t<\/div>\n\t\t\t\t<\/div>\n\t\t<div class=\"elementor-element elementor-element-4085ec2e e-con-full e-flex elementor-invisible e-con e-child\" data-id=\"4085ec2e\" data-element_type=\"container\" data-e-type=\"container\" data-settings=\"{&quot;jet_parallax_layout_list&quot;:[],&quot;animation&quot;:&quot;fadeInLeft&quot;}\">\n\t\t\t\t<div class=\"elementor-element elementor-element-9e2e938 elementor-widget elementor-widget-text-editor\" data-id=\"9e2e938\" data-element_type=\"widget\" data-e-type=\"widget\" data-widget_type=\"text-editor.default\">\n\t\t\t\t<div class=\"elementor-widget-container\">\n\t\t\t\t\t\t\t\t\t<h5 style=\"text-align: center;\"><span style=\"color: #003366;\"><strong>MSZ DE ISO <span style=\"color: #ff6600;\">9001:2015<\/span> Unser Zertifikat<\/strong><\/span><\/h5>\t\t\t\t\t\t\t\t<\/div>\n\t\t\t\t<\/div>\n\t\t\t\t<div class=\"elementor-element elementor-element-10ada9f elementor-widget elementor-widget-image\" data-id=\"10ada9f\" data-element_type=\"widget\" data-e-type=\"widget\" data-widget_type=\"image.default\">\n\t\t\t\t<div class=\"elementor-widget-container\">\n\t\t\t\t\t\t\t\t\t\t\t\t<figure class=\"wp-caption\">\n\t\t\t\t\t\t\t\t\t\t\t<a href=\"https:\/\/relabor.hu\/wp-content\/uploads\/2026\/03\/ISO_9001-2015-UJ.jpg\" data-elementor-open-lightbox=\"yes\" data-e-action-hash=\"#elementor-action%3Aaction%3Dlightbox%26settings%3DeyJpZCI6MjcwMSwidXJsIjoiaHR0cHM6XC9cL3JlbGFib3IuaHVcL3dwLWNvbnRlbnRcL3VwbG9hZHNcLzIwMjZcLzAzXC9JU09fOTAwMS0yMDE1LVVKLmpwZyJ9\">\n\t\t\t\t\t\t\t<img fetchpriority=\"high\" decoding=\"async\" width=\"800\" height=\"531\" src=\"https:\/\/relabor.hu\/wp-content\/uploads\/2026\/03\/ISO_9001-2015-UJ-1024x680.jpg\" class=\"attachment-large size-large wp-image-2701\" alt=\"\" srcset=\"https:\/\/relabor.hu\/wp-content\/uploads\/2026\/03\/ISO_9001-2015-UJ-1024x680.jpg 1024w, https:\/\/relabor.hu\/wp-content\/uploads\/2026\/03\/ISO_9001-2015-UJ-300x199.jpg 300w, https:\/\/relabor.hu\/wp-content\/uploads\/2026\/03\/ISO_9001-2015-UJ-768x510.jpg 768w, https:\/\/relabor.hu\/wp-content\/uploads\/2026\/03\/ISO_9001-2015-UJ-1536x1020.jpg 1536w, https:\/\/relabor.hu\/wp-content\/uploads\/2026\/03\/ISO_9001-2015-UJ-2048x1360.jpg 2048w, https:\/\/relabor.hu\/wp-content\/uploads\/2026\/03\/ISO_9001-2015-UJ-18x12.jpg 18w\" sizes=\"(max-width: 800px) 100vw, 800px\" \/>\t\t\t\t\t\t\t\t<\/a>\n\t\t\t\t\t\t\t\t\t\t\t<figcaption class=\"widget-image-caption wp-caption-text\">Klicken Sie auf das Bild, um es zu vergr\u00f6\u00dfern!<\/figcaption>\n\t\t\t\t\t\t\t\t\t\t<\/figure>\n\t\t\t\t\t\t\t\t\t<\/div>\n\t\t\t\t<\/div>\n\t\t\t\t<div class=\"elementor-element elementor-element-163d170 elementor-widget-divider--view-line elementor-widget elementor-widget-divider\" data-id=\"163d170\" data-element_type=\"widget\" data-e-type=\"widget\" data-widget_type=\"divider.default\">\n\t\t\t\t<div class=\"elementor-widget-container\">\n\t\t\t\t\t\t\t<div class=\"elementor-divider\">\n\t\t\t<span class=\"elementor-divider-separator\">\n\t\t\t\t\t\t<\/span>\n\t\t<\/div>\n\t\t\t\t\t\t<\/div>\n\t\t\t\t<\/div>\n\t\t\t\t<div class=\"elementor-element elementor-element-b88832f elementor-widget elementor-widget-text-editor\" data-id=\"b88832f\" data-element_type=\"widget\" data-e-type=\"widget\" data-widget_type=\"text-editor.default\">\n\t\t\t\t<div class=\"elementor-widget-container\">\n\t\t\t\t\t\t\t\t\t<h5 style=\"text-align: center;\"><span style=\"color: #003366;\"><strong>MSZ DE ISO <span style=\"color: #ff6600;\">14001:2015<\/span> Unser Zertifikat<\/strong><\/span><\/h5>\t\t\t\t\t\t\t\t<\/div>\n\t\t\t\t<\/div>\n\t\t\t\t<div class=\"elementor-element elementor-element-857f5c7 elementor-widget elementor-widget-image\" data-id=\"857f5c7\" data-element_type=\"widget\" data-e-type=\"widget\" data-widget_type=\"image.default\">\n\t\t\t\t<div class=\"elementor-widget-container\">\n\t\t\t\t\t\t\t\t\t\t\t\t<figure class=\"wp-caption\">\n\t\t\t\t\t\t\t\t\t\t\t<a href=\"https:\/\/relabor.hu\/wp-content\/uploads\/2025\/05\/ISO-14001-scaled.jpg\" data-elementor-open-lightbox=\"yes\" data-e-action-hash=\"#elementor-action%3Aaction%3Dlightbox%26settings%3DeyJpZCI6MTc5OCwidXJsIjoiaHR0cHM6XC9cL3JlbGFib3IuaHVcL3dwLWNvbnRlbnRcL3VwbG9hZHNcLzIwMjVcLzA1XC9JU08tMTQwMDEtc2NhbGVkLmpwZyJ9\">\n\t\t\t\t\t\t\t<img decoding=\"async\" width=\"800\" height=\"531\" src=\"https:\/\/relabor.hu\/wp-content\/uploads\/2025\/05\/ISO-14001-1024x680.jpg\" class=\"attachment-large size-large wp-image-1798\" alt=\"\" srcset=\"https:\/\/relabor.hu\/wp-content\/uploads\/2025\/05\/ISO-14001-1024x680.jpg 1024w, https:\/\/relabor.hu\/wp-content\/uploads\/2025\/05\/ISO-14001-300x199.jpg 300w, https:\/\/relabor.hu\/wp-content\/uploads\/2025\/05\/ISO-14001-768x510.jpg 768w, https:\/\/relabor.hu\/wp-content\/uploads\/2025\/05\/ISO-14001-1536x1020.jpg 1536w, https:\/\/relabor.hu\/wp-content\/uploads\/2025\/05\/ISO-14001-2048x1360.jpg 2048w, https:\/\/relabor.hu\/wp-content\/uploads\/2025\/05\/ISO-14001-18x12.jpg 18w\" sizes=\"(max-width: 800px) 100vw, 800px\" \/>\t\t\t\t\t\t\t\t<\/a>\n\t\t\t\t\t\t\t\t\t\t\t<figcaption class=\"widget-image-caption wp-caption-text\">Klicken Sie auf das Bild, um es zu vergr\u00f6\u00dfern!<\/figcaption>\n\t\t\t\t\t\t\t\t\t\t<\/figure>\n\t\t\t\t\t\t\t\t\t<\/div>\n\t\t\t\t<\/div>\n\t\t\t\t<\/div>\n\t\t\t\t\t<\/div>\n\t\t\t\t<\/div>\n\t\t<div class=\"elementor-element elementor-element-230487e e-flex e-con-boxed e-con e-parent\" data-id=\"230487e\" data-element_type=\"container\" data-e-type=\"container\" data-settings=\"{&quot;jet_parallax_layout_list&quot;:[]}\">\n\t\t\t\t\t<div class=\"e-con-inner\">\n\t\t\t\t\t<\/div>\n\t\t\t\t<\/div>\n\t\t\t\t<\/div>","protected":false},"excerpt":{"rendered":"<p>MIN\u0150S\u00c9GPOLITIKA A min\u0151s\u00e9gpolitika egy szervezet \u00e1tfog\u00f3 sz\u00e1nd\u00e9kait \u00e9s ir\u00e1nyelveit fogalmazza meg a min\u0151s\u00e9ggel kapcsolatban, megalapozva a min\u0151s\u00e9gir\u00e1ny\u00edt\u00e1si rendszer m\u0171k\u00f6d\u00e9s\u00e9t \u00e9s a folyamatos fejleszt\u00e9s ir\u00e1nti elk\u00f6telezetts\u00e9get. Ez a dokumentum t\u00fckr\u00f6zi a vezet\u0151s\u00e9g t\u00f6rekv\u00e9s\u00e9t a vev\u0151i el\u00e9gedetts\u00e9g, a term\u00e9kek \u00e9s szolg\u00e1ltat\u00e1sok min\u0151s\u00e9g\u00e9nek folyamatos jav\u00edt\u00e1sa, valamint a vonatkoz\u00f3 jogszab\u00e1lyi \u00e9s egy\u00e9b k\u00f6vetelm\u00e9nyek betart\u00e1sa ir\u00e1nt. A modern szervezetek sz\u00e1m\u00e1ra [&hellip;]<\/p>\n","protected":false},"author":1,"featured_media":0,"parent":515,"menu_order":23,"comment_status":"closed","ping_status":"closed","template":"","meta":{"footnotes":""},"class_list":["post-520","page","type-page","status-publish","hentry"],"_links":{"self":[{"href":"https:\/\/relabor.hu\/de\/wp-json\/wp\/v2\/pages\/520","targetHints":{"allow":["GET"]}}],"collection":[{"href":"https:\/\/relabor.hu\/de\/wp-json\/wp\/v2\/pages"}],"about":[{"href":"https:\/\/relabor.hu\/de\/wp-json\/wp\/v2\/types\/page"}],"author":[{"embeddable":true,"href":"https:\/\/relabor.hu\/de\/wp-json\/wp\/v2\/users\/1"}],"replies":[{"embeddable":true,"href":"https:\/\/relabor.hu\/de\/wp-json\/wp\/v2\/comments?post=520"}],"version-history":[{"count":115,"href":"https:\/\/relabor.hu\/de\/wp-json\/wp\/v2\/pages\/520\/revisions"}],"predecessor-version":[{"id":2704,"href":"https:\/\/relabor.hu\/de\/wp-json\/wp\/v2\/pages\/520\/revisions\/2704"}],"up":[{"embeddable":true,"href":"https:\/\/relabor.hu\/de\/wp-json\/wp\/v2\/pages\/515"}],"wp:attachment":[{"href":"https:\/\/relabor.hu\/de\/wp-json\/wp\/v2\/media?parent=520"}],"curies":[{"name":"wp","href":"https:\/\/api.w.org\/{rel}","templated":true}]}}